{"id":983,"date":"2023-09-08T14:15:14","date_gmt":"2023-09-08T07:15:14","guid":{"rendered":"https:\/\/tiemmihaomi.vn\/?post_type=product&#038;p=983"},"modified":"2023-11-05T10:54:47","modified_gmt":"2023-11-05T03:54:47","slug":"sot-mi-tron-haomi-khong-cay","status":"publish","type":"product","link":"https:\/\/tiemmihaomi.vn\/en\/product\/sot-mi-tron-haomi-khong-cay\/","title":{"rendered":"Haomi mixed noodle sauce \u2013 Non-spicy"},"content":{"rendered":"<h4 style=\"text-align: left;\">The differences that make the Haomi Mixed Noodle Sauce brand:<\/h4>\n<ul>\n<li style=\"margin: 0 0 10px 20px;\">Unlike other sauces such as dried shrimp sauce, which are often quite salty due to the use of a lot of salt, <strong>Haomi mixed noodle sauce <\/strong> harmoniously combines flavors, helping you immediately have a bowl of restaurant-quality mixed noodles without any additional seasoning.<\/li>\n<li style=\"margin: 0 0 10px 20px;\"><strong>Haomi mixed noodle sauce <\/strong> is specially made for mixed noodle dishes, with the desire to satisfy even the most serious noodle lovers.<\/li>\n<\/ul>\n<h4 style=\"text-align: left;\">Haomi non-spicy mixed noodle sauce is suitable for:<\/h4>\n<ul>\n<li style=\"margin: 0 0 10px 20px;\">Students \ud83d\udc68\u200d\ud83c\udf93 who need to cook a quick but delicious meal with just a packet of instant noodles\ud83c\udf5c, some vegetables \ud83e\udd6c\ud83e\udd66, eggs \ud83e\udd5a, sausage \ud83e\udd56 and <strong> Haomi mixed noodle sauce<\/strong>.<\/li>\n<li style=\"margin: 0 0 10px 20px;\">Those who need a quiet space at night \ud83c\udf1b to do creative work \ud83c\udfa8\ud83c\udfbc\ud83d\udcbb\ud83d\udcca, but that's also when the shops and restaurants are closed. With just a little <strong> Haomi mixed noodle sauce <\/strong> you'll have a bowl of delicious noodles \ud83c\udf5c to fuel your sublime ideas \ud83d\udca1\ud83d\ude0e\ud83e\udde1.<\/li>\n<li style=\"margin: 0 0 10px 20px;\">Kids \ud83e\uddd1\ud83d\udc67 who like fried noodles and mixed noodles \ud83c\udf5c can use <strong> Haomi mixed noodle sauce <\/strong> with completely fresh ingredients \ud83c\udf36\ud83e\uddc5\ud83e\uddc4 which are better for health and digestion \ud83d\udcaa\ud83d\udcaa\ud83d\udcaa.<\/li>\n<li style=\"margin: 0 0 10px 20px;\">Those of you who often go abroad \ud83d\udeeb but the food there is not to your taste, you can bring a jar of <strong> Haomi mixed noodle sauce <\/strong> to help you keep the taste of home Vietnam.<\/li>\n<li style=\"margin: 0 0 10px 20px;\"><strong>Haomi mixed noodle sauce <\/strong> used to dip fruits like mango, toad, guava \ud83e\udd6d\ud83c\udf50\ud83c\udf53 is also very delicious!<\/li>\n<\/ul>\n<p>&nbsp;<\/p>\n<blockquote class=\"tiktok-embed\" cite=\"https:\/\/www.tiktok.com\/@tuandidau\/video\/7258117823942184197\" data-video-id=\"7258117823942184197\" style=\"max-width: 605px;min-width: 325px;\" >\n<section> <a target=\"_blank\" title=\"@tuandidau\" href=\"https:\/\/www.tiktok.com\/@tuandidau?refer=embed\" rel=\"noopener\">@tuandidau<\/a> M\u1ed9t qu\u00e1n m\u00ec tr\u1ed9n tr\u1ee9ng l\u00f2ng \u0111\u00e0o ngon r\u1ebb ch\u1ec9 t\u1eeb 25k \u00edt ng\u01b0\u1eddi bi\u1ebft \u1edf \u0110\u00e0 N\u1eb5ng <a title=\"learnontiktok\" target=\"_blank\" href=\"https:\/\/www.tiktok.com\/tag\/learnontiktok?refer=embed\" rel=\"noopener\">#LearnOnTikTok<\/a> <a title=\"ancungtiktok\" target=\"_blank\" href=\"https:\/\/www.tiktok.com\/tag\/ancungtiktok?refer=embed\" rel=\"noopener\">#ancungtiktok<\/a> <a title=\"gdlfamily\" target=\"_blank\" href=\"https:\/\/www.tiktok.com\/tag\/gdlfamily?refer=embed\" rel=\"noopener\">#gdlfamily<\/a> <a title=\"tuanoididauthe\" target=\"_blank\" href=\"https:\/\/www.tiktok.com\/tag\/tuanoididauthe?refer=embed\" rel=\"noopener\">#tuanoididauthe<\/a> <a title=\"danang\" target=\"_blank\" href=\"https:\/\/www.tiktok.com\/tag\/danang?refer=embed\" rel=\"noopener\">#DaNang<\/a> <a title=\"hellodanang\" target=\"_blank\" href=\"https:\/\/www.tiktok.com\/tag\/hellodanang?refer=embed\" rel=\"noopener\">#hellodanang<\/a> <a target=\"_blank\" title=\"\u266c nh\u1ea1c n\u1ec1n  - Tu\u1ea5n \u0111i \u0111\u00e2u\" href=\"https:\/\/www.tiktok.com\/music\/nh\u1ea1c-n\u1ec1n-Tu\u1ea5n-\u0111i-\u0111\u00e2u-7258117947944291077?refer=embed\" rel=\"noopener\">\u266c nh\u1ea1c n\u1ec1n  &#8211; Tu\u1ea5n \u0111i \u0111\u00e2u<\/a> <\/section>\n<\/blockquote>\n<p> <script async src=\"https:\/\/www.tiktok.com\/embed.js\"><\/script><\/p>","protected":false},"excerpt":{"rendered":"<p>With a combination of traditional fresh ingredients \ud83e\uddc5\ud83e\uddc4 and Haomi's exclusive recipe, Haomi mixed noodle sauce brings a delicious taste and convenience to mixed noodle lovers \ud83c\udf5c.<\/p>","protected":false},"featured_media":1052,"template":"","meta":{"_acf_changed":false,"nf_dc_page":""},"product_brand":[],"product_cat":[30],"product_tag":[],"class_list":{"0":"post-983","1":"product","2":"type-product","3":"status-publish","4":"has-post-thumbnail","6":"product_cat-sot-mi-tron","8":"first","9":"instock","10":"sale","11":"shipping-taxable","12":"purchasable","13":"product-type-simple"},"acf":[],"yoast_head":"<!-- This site is optimized with the Yoast SEO plugin v27.4 - https:\/\/yoast.com\/product\/yoast-seo-wordpress\/ -->\n<title>S\u1ed1t m\u00ec tr\u1ed9n Haomi - Kh\u00f4ng cay - HAOMI<\/title>\n<meta name=\"description\" content=\"B\u1eb1ng s\u1ef1 k\u1ebft h\u1ee3p c\u00e1c nguy\u00ean li\u1ec7u t\u01b0\u01a1i ngon v\u00e0 c\u00f4ng th\u1ee9c \u0111\u1ed9c quy\u1ec1n, s\u1ed1t m\u00ec tr\u1ed9n Haomi mang \u0111\u1ebfn h\u01b0\u01a1ng v\u1ecb th\u01a1m ngon v\u00e0 s\u1ef1 ti\u1ec7n l\u1ee3i cho c\u00e1c t\u00edn \u0111\u1ed3 y\u00eau m\u00ec tr\u1ed9n.\" \/>\n<meta name=\"robots\" content=\"index, follow, max-snippet:-1, max-image-preview:large, max-video-preview:-1\" \/>\n<link rel=\"canonical\" href=\"https:\/\/tiemmihaomi.vn\/en\/product\/sot-mi-tron-haomi-khong-cay\/\" \/>\n<meta property=\"og:locale\" content=\"en_US\" \/>\n<meta property=\"og:type\" content=\"article\" \/>\n<meta property=\"og:title\" content=\"S\u1ed1t m\u00ec tr\u1ed9n Haomi - Kh\u00f4ng cay - HAOMI\" \/>\n<meta property=\"og:description\" content=\"B\u1eb1ng s\u1ef1 k\u1ebft h\u1ee3p c\u00e1c nguy\u00ean li\u1ec7u t\u01b0\u01a1i ngon v\u00e0 c\u00f4ng th\u1ee9c \u0111\u1ed9c quy\u1ec1n, s\u1ed1t m\u00ec tr\u1ed9n Haomi mang \u0111\u1ebfn h\u01b0\u01a1ng v\u1ecb th\u01a1m ngon v\u00e0 s\u1ef1 ti\u1ec7n l\u1ee3i cho c\u00e1c t\u00edn \u0111\u1ed3 y\u00eau m\u00ec tr\u1ed9n.\" \/>\n<meta property=\"og:url\" content=\"https:\/\/tiemmihaomi.vn\/en\/product\/sot-mi-tron-haomi-khong-cay\/\" \/>\n<meta property=\"og:site_name\" content=\"HAOMI\" \/>\n<meta property=\"article:modified_time\" content=\"2023-11-05T03:54:47+00:00\" \/>\n<meta property=\"og:image\" content=\"https:\/\/i0.wp.com\/tiemmihaomi.vn\/wp-content\/uploads\/2023\/09\/SotMiTronHaomiKoCay_112023.png?fit=900%2C900&ssl=1\" \/>\n\t<meta property=\"og:image:width\" content=\"900\" \/>\n\t<meta property=\"og:image:height\" content=\"900\" \/>\n\t<meta property=\"og:image:type\" content=\"image\/png\" \/>\n<meta name=\"twitter:card\" content=\"summary_large_image\" \/>\n<meta name=\"twitter:label1\" content=\"Est. reading time\" \/>\n\t<meta name=\"twitter:data1\" content=\"2 minutes\" \/>\n<script type=\"application\/ld+json\" class=\"yoast-schema-graph\">{\"@context\":\"https:\\\/\\\/schema.org\",\"@graph\":[{\"@type\":\"WebPage\",\"@id\":\"https:\\\/\\\/tiemmihaomi.vn\\\/product\\\/sot-mi-tron-haomi-khong-cay\\\/\",\"url\":\"https:\\\/\\\/tiemmihaomi.vn\\\/product\\\/sot-mi-tron-haomi-khong-cay\\\/\",\"name\":\"S\u1ed1t m\u00ec tr\u1ed9n Haomi - Kh\u00f4ng cay - HAOMI\",\"isPartOf\":{\"@id\":\"https:\\\/\\\/tiemmihaomi.vn\\\/#website\"},\"primaryImageOfPage\":{\"@id\":\"https:\\\/\\\/tiemmihaomi.vn\\\/product\\\/sot-mi-tron-haomi-khong-cay\\\/#primaryimage\"},\"image\":{\"@id\":\"https:\\\/\\\/tiemmihaomi.vn\\\/product\\\/sot-mi-tron-haomi-khong-cay\\\/#primaryimage\"},\"thumbnailUrl\":\"https:\\\/\\\/i0.wp.com\\\/tiemmihaomi.vn\\\/wp-content\\\/uploads\\\/2023\\\/09\\\/SotMiTronHaomiKoCay_112023.png?fit=900%2C900&ssl=1\",\"datePublished\":\"2023-09-08T07:15:14+00:00\",\"dateModified\":\"2023-11-05T03:54:47+00:00\",\"description\":\"B\u1eb1ng s\u1ef1 k\u1ebft h\u1ee3p c\u00e1c nguy\u00ean li\u1ec7u t\u01b0\u01a1i ngon v\u00e0 c\u00f4ng th\u1ee9c \u0111\u1ed9c quy\u1ec1n, s\u1ed1t m\u00ec tr\u1ed9n Haomi mang \u0111\u1ebfn h\u01b0\u01a1ng v\u1ecb th\u01a1m ngon v\u00e0 s\u1ef1 ti\u1ec7n l\u1ee3i cho c\u00e1c t\u00edn \u0111\u1ed3 y\u00eau m\u00ec tr\u1ed9n.\",\"breadcrumb\":{\"@id\":\"https:\\\/\\\/tiemmihaomi.vn\\\/product\\\/sot-mi-tron-haomi-khong-cay\\\/#breadcrumb\"},\"inLanguage\":\"en-US\",\"potentialAction\":[{\"@type\":\"ReadAction\",\"target\":[\"https:\\\/\\\/tiemmihaomi.vn\\\/product\\\/sot-mi-tron-haomi-khong-cay\\\/\"]}]},{\"@type\":\"ImageObject\",\"inLanguage\":\"en-US\",\"@id\":\"https:\\\/\\\/tiemmihaomi.vn\\\/product\\\/sot-mi-tron-haomi-khong-cay\\\/#primaryimage\",\"url\":\"https:\\\/\\\/i0.wp.com\\\/tiemmihaomi.vn\\\/wp-content\\\/uploads\\\/2023\\\/09\\\/SotMiTronHaomiKoCay_112023.png?fit=900%2C900&ssl=1\",\"contentUrl\":\"https:\\\/\\\/i0.wp.com\\\/tiemmihaomi.vn\\\/wp-content\\\/uploads\\\/2023\\\/09\\\/SotMiTronHaomiKoCay_112023.png?fit=900%2C900&ssl=1\",\"width\":900,\"height\":900,\"caption\":\"S\u1ed1t m\u00ec tr\u1ed9n Haomi - Kh\u00f4ng cay\"},{\"@type\":\"BreadcrumbList\",\"@id\":\"https:\\\/\\\/tiemmihaomi.vn\\\/product\\\/sot-mi-tron-haomi-khong-cay\\\/#breadcrumb\",\"itemListElement\":[{\"@type\":\"ListItem\",\"position\":1,\"name\":\"Home\",\"item\":\"https:\\\/\\\/tiemmihaomi.vn\\\/\"},{\"@type\":\"ListItem\",\"position\":2,\"name\":\"T\u1ea5t C\u1ea3 M\u00f3n\",\"item\":\"https:\\\/\\\/tiemmihaomi.vn\\\/shop\\\/\"},{\"@type\":\"ListItem\",\"position\":3,\"name\":\"S\u1ed1t m\u00ec tr\u1ed9n Haomi &#8211; Kh\u00f4ng cay\"}]},{\"@type\":\"WebSite\",\"@id\":\"https:\\\/\\\/tiemmihaomi.vn\\\/#website\",\"url\":\"https:\\\/\\\/tiemmihaomi.vn\\\/\",\"name\":\"HAOMI\",\"description\":\"Ti\u1ec7m m\u00ec tr\u1ed9n\",\"publisher\":{\"@id\":\"https:\\\/\\\/tiemmihaomi.vn\\\/#organization\"},\"potentialAction\":[{\"@type\":\"SearchAction\",\"target\":{\"@type\":\"EntryPoint\",\"urlTemplate\":\"https:\\\/\\\/tiemmihaomi.vn\\\/?s={search_term_string}\"},\"query-input\":{\"@type\":\"PropertyValueSpecification\",\"valueRequired\":true,\"valueName\":\"search_term_string\"}}],\"inLanguage\":\"en-US\"},{\"@type\":\"Organization\",\"@id\":\"https:\\\/\\\/tiemmihaomi.vn\\\/#organization\",\"name\":\"HAOMI\",\"url\":\"https:\\\/\\\/tiemmihaomi.vn\\\/\",\"logo\":{\"@type\":\"ImageObject\",\"inLanguage\":\"en-US\",\"@id\":\"https:\\\/\\\/tiemmihaomi.vn\\\/#\\\/schema\\\/logo\\\/image\\\/\",\"url\":\"https:\\\/\\\/i0.wp.com\\\/tiemmihaomi.vn\\\/wp-content\\\/uploads\\\/2023\\\/03\\\/haomi-logo-resized.png?fit=240%2C378&ssl=1\",\"contentUrl\":\"https:\\\/\\\/i0.wp.com\\\/tiemmihaomi.vn\\\/wp-content\\\/uploads\\\/2023\\\/03\\\/haomi-logo-resized.png?fit=240%2C378&ssl=1\",\"width\":240,\"height\":378,\"caption\":\"HAOMI\"},\"image\":{\"@id\":\"https:\\\/\\\/tiemmihaomi.vn\\\/#\\\/schema\\\/logo\\\/image\\\/\"}}]}<\/script>\n<!-- \/ Yoast SEO plugin. -->","yoast_head_json":{"title":"S\u1ed1t m\u00ec tr\u1ed9n Haomi - Kh\u00f4ng cay - HAOMI","description":"B\u1eb1ng s\u1ef1 k\u1ebft h\u1ee3p c\u00e1c nguy\u00ean li\u1ec7u t\u01b0\u01a1i ngon v\u00e0 c\u00f4ng th\u1ee9c \u0111\u1ed9c quy\u1ec1n, s\u1ed1t m\u00ec tr\u1ed9n Haomi mang \u0111\u1ebfn h\u01b0\u01a1ng v\u1ecb th\u01a1m ngon v\u00e0 s\u1ef1 ti\u1ec7n l\u1ee3i cho c\u00e1c t\u00edn \u0111\u1ed3 y\u00eau m\u00ec tr\u1ed9n.","robots":{"index":"index","follow":"follow","max-snippet":"max-snippet:-1","max-image-preview":"max-image-preview:large","max-video-preview":"max-video-preview:-1"},"canonical":"https:\/\/tiemmihaomi.vn\/en\/product\/sot-mi-tron-haomi-khong-cay\/","og_locale":"en_US","og_type":"article","og_title":"S\u1ed1t m\u00ec tr\u1ed9n Haomi - Kh\u00f4ng cay - HAOMI","og_description":"B\u1eb1ng s\u1ef1 k\u1ebft h\u1ee3p c\u00e1c nguy\u00ean li\u1ec7u t\u01b0\u01a1i ngon v\u00e0 c\u00f4ng th\u1ee9c \u0111\u1ed9c quy\u1ec1n, s\u1ed1t m\u00ec tr\u1ed9n Haomi mang \u0111\u1ebfn h\u01b0\u01a1ng v\u1ecb th\u01a1m ngon v\u00e0 s\u1ef1 ti\u1ec7n l\u1ee3i cho c\u00e1c t\u00edn \u0111\u1ed3 y\u00eau m\u00ec tr\u1ed9n.","og_url":"https:\/\/tiemmihaomi.vn\/en\/product\/sot-mi-tron-haomi-khong-cay\/","og_site_name":"HAOMI","article_modified_time":"2023-11-05T03:54:47+00:00","og_image":[{"width":900,"height":900,"url":"https:\/\/i0.wp.com\/tiemmihaomi.vn\/wp-content\/uploads\/2023\/09\/SotMiTronHaomiKoCay_112023.png?fit=900%2C900&ssl=1","type":"image\/png"}],"twitter_card":"summary_large_image","twitter_misc":{"Est. reading time":"2 minutes"},"schema":{"@context":"https:\/\/schema.org","@graph":[{"@type":"WebPage","@id":"https:\/\/tiemmihaomi.vn\/product\/sot-mi-tron-haomi-khong-cay\/","url":"https:\/\/tiemmihaomi.vn\/product\/sot-mi-tron-haomi-khong-cay\/","name":"S\u1ed1t m\u00ec tr\u1ed9n Haomi - Kh\u00f4ng cay - HAOMI","isPartOf":{"@id":"https:\/\/tiemmihaomi.vn\/#website"},"primaryImageOfPage":{"@id":"https:\/\/tiemmihaomi.vn\/product\/sot-mi-tron-haomi-khong-cay\/#primaryimage"},"image":{"@id":"https:\/\/tiemmihaomi.vn\/product\/sot-mi-tron-haomi-khong-cay\/#primaryimage"},"thumbnailUrl":"https:\/\/i0.wp.com\/tiemmihaomi.vn\/wp-content\/uploads\/2023\/09\/SotMiTronHaomiKoCay_112023.png?fit=900%2C900&ssl=1","datePublished":"2023-09-08T07:15:14+00:00","dateModified":"2023-11-05T03:54:47+00:00","description":"B\u1eb1ng s\u1ef1 k\u1ebft h\u1ee3p c\u00e1c nguy\u00ean li\u1ec7u t\u01b0\u01a1i ngon v\u00e0 c\u00f4ng th\u1ee9c \u0111\u1ed9c quy\u1ec1n, s\u1ed1t m\u00ec tr\u1ed9n Haomi mang \u0111\u1ebfn h\u01b0\u01a1ng v\u1ecb th\u01a1m ngon v\u00e0 s\u1ef1 ti\u1ec7n l\u1ee3i cho c\u00e1c t\u00edn \u0111\u1ed3 y\u00eau m\u00ec tr\u1ed9n.","breadcrumb":{"@id":"https:\/\/tiemmihaomi.vn\/product\/sot-mi-tron-haomi-khong-cay\/#breadcrumb"},"inLanguage":"en-US","potentialAction":[{"@type":"ReadAction","target":["https:\/\/tiemmihaomi.vn\/product\/sot-mi-tron-haomi-khong-cay\/"]}]},{"@type":"ImageObject","inLanguage":"en-US","@id":"https:\/\/tiemmihaomi.vn\/product\/sot-mi-tron-haomi-khong-cay\/#primaryimage","url":"https:\/\/i0.wp.com\/tiemmihaomi.vn\/wp-content\/uploads\/2023\/09\/SotMiTronHaomiKoCay_112023.png?fit=900%2C900&ssl=1","contentUrl":"https:\/\/i0.wp.com\/tiemmihaomi.vn\/wp-content\/uploads\/2023\/09\/SotMiTronHaomiKoCay_112023.png?fit=900%2C900&ssl=1","width":900,"height":900,"caption":"S\u1ed1t m\u00ec tr\u1ed9n Haomi - Kh\u00f4ng cay"},{"@type":"BreadcrumbList","@id":"https:\/\/tiemmihaomi.vn\/product\/sot-mi-tron-haomi-khong-cay\/#breadcrumb","itemListElement":[{"@type":"ListItem","position":1,"name":"Home","item":"https:\/\/tiemmihaomi.vn\/"},{"@type":"ListItem","position":2,"name":"T\u1ea5t C\u1ea3 M\u00f3n","item":"https:\/\/tiemmihaomi.vn\/shop\/"},{"@type":"ListItem","position":3,"name":"S\u1ed1t m\u00ec tr\u1ed9n Haomi &#8211; Kh\u00f4ng cay"}]},{"@type":"WebSite","@id":"https:\/\/tiemmihaomi.vn\/#website","url":"https:\/\/tiemmihaomi.vn\/","name":"HAOMI","description":"Ti\u1ec7m m\u00ec tr\u1ed9n","publisher":{"@id":"https:\/\/tiemmihaomi.vn\/#organization"},"potentialAction":[{"@type":"SearchAction","target":{"@type":"EntryPoint","urlTemplate":"https:\/\/tiemmihaomi.vn\/?s={search_term_string}"},"query-input":{"@type":"PropertyValueSpecification","valueRequired":true,"valueName":"search_term_string"}}],"inLanguage":"en-US"},{"@type":"Organization","@id":"https:\/\/tiemmihaomi.vn\/#organization","name":"HAOMI","url":"https:\/\/tiemmihaomi.vn\/","logo":{"@type":"ImageObject","inLanguage":"en-US","@id":"https:\/\/tiemmihaomi.vn\/#\/schema\/logo\/image\/","url":"https:\/\/i0.wp.com\/tiemmihaomi.vn\/wp-content\/uploads\/2023\/03\/haomi-logo-resized.png?fit=240%2C378&ssl=1","contentUrl":"https:\/\/i0.wp.com\/tiemmihaomi.vn\/wp-content\/uploads\/2023\/03\/haomi-logo-resized.png?fit=240%2C378&ssl=1","width":240,"height":378,"caption":"HAOMI"},"image":{"@id":"https:\/\/tiemmihaomi.vn\/#\/schema\/logo\/image\/"}}]}},"jetpack_sharing_enabled":true,"_links":{"self":[{"href":"https:\/\/tiemmihaomi.vn\/en\/wp-json\/wp\/v2\/product\/983","targetHints":{"allow":["GET"]}}],"collection":[{"href":"https:\/\/tiemmihaomi.vn\/en\/wp-json\/wp\/v2\/product"}],"about":[{"href":"https:\/\/tiemmihaomi.vn\/en\/wp-json\/wp\/v2\/types\/product"}],"wp:featuredmedia":[{"embeddable":true,"href":"https:\/\/tiemmihaomi.vn\/en\/wp-json\/wp\/v2\/media\/1052"}],"wp:attachment":[{"href":"https:\/\/tiemmihaomi.vn\/en\/wp-json\/wp\/v2\/media?parent=983"}],"wp:term":[{"taxonomy":"product_brand","embeddable":true,"href":"https:\/\/tiemmihaomi.vn\/en\/wp-json\/wp\/v2\/product_brand?post=983"},{"taxonomy":"product_cat","embeddable":true,"href":"https:\/\/tiemmihaomi.vn\/en\/wp-json\/wp\/v2\/product_cat?post=983"},{"taxonomy":"product_tag","embeddable":true,"href":"https:\/\/tiemmihaomi.vn\/en\/wp-json\/wp\/v2\/product_tag?post=983"}],"curies":[{"name":"wp","href":"https:\/\/api.w.org\/{rel}","templated":true}]}}