{"id":1168,"date":"2024-11-24T13:35:51","date_gmt":"2024-11-24T06:35:51","guid":{"rendered":"https:\/\/tiemmihaomi.vn\/?post_type=product&#038;p=1168"},"modified":"2026-01-07T14:03:48","modified_gmt":"2026-01-07T07:03:48","slug":"mi-tron-uc-ga-cuon-rong-bien-opla","status":"publish","type":"product","link":"https:\/\/tiemmihaomi.vn\/en\/product\/mi-tron-uc-ga-cuon-rong-bien-opla\/","title":{"rendered":"M\u00ec Tr\u1ed9n \u1ee8c G\u00e0 Cu\u1ed9n Rong Bi\u1ec3n + \u1ed0p La"},"content":{"rendered":"<div class=\"col item-restaurant-info\">\n<div class=\"item-restaurant-desc\">S\u1ef1 h\u00f2a quy\u1ec7n ho\u00e0n h\u1ea3o gi\u1eefa \u1ee9c g\u00e0 cu\u1ed9n rong bi\u1ec3n chi\u00ean gi\u00f2n, tr\u1ee9ng \u1ed1p la b\u1ed5 d\u01b0\u1ee1ng v\u00e0 m\u00ec tr\u1ee9ng dai m\u1ec1m. <a href=\"\/en\/product\/sot-mi-tron-haomi-vi-cay\/\">S\u1ed1t Haomi<\/a> \u0111\u1eb7c tr\u01b0ng ph\u1ee7 \u0111\u1ec1u, mang l\u1ea1i v\u1ecb \u0111\u1eadm \u0111\u00e0 kh\u00f3 qu\u00ean. Th\u00eam ch\u00fat d\u01b0a leo t\u01b0\u01a1i m\u00e1t \u0111\u1ec3 l\u00e0m d\u1ecbu kh\u1ea9u v\u1ecb, m\u00f3n \u0103n n\u00e0y s\u1ebd l\u00e0 l\u1ef1a ch\u1ecdn tuy\u1ec7t v\u1eddi cho b\u1eefa \u0103n c\u1ee7a b\u1ea1n.<\/p>\n<p>Qu\u00fd kh\u00e1ch vui l\u00f2ng gh\u00e9 mua tr\u1ef1c ti\u1ebfp t\u1ea1i c\u00e1c c\u01a1 s\u1edf Haomi ho\u1eb7c \u0111\u1eb7t m\u00f3n n\u00e0y qua c\u00e1c app giao h\u00e0ng nh\u01b0 Grab, Shopee, Ahamove:<br \/>\n<a href=\"\/en\/cac-co-so-haomi\/\"><img data-recalc-dims=\"1\" loading=\"lazy\" decoding=\"async\" class=\"alignnone size-full wp-image-1111\" style=\"margin: 20px 20px 0px 0px;\" src=\"https:\/\/i0.wp.com\/tiemmihaomi.vn\/wp-content\/uploads\/2024\/06\/GrabFoodLogo.png?resize=230%2C43&#038;ssl=1\" alt=\"\" width=\"230\" height=\"43\" srcset=\"https:\/\/i0.wp.com\/tiemmihaomi.vn\/wp-content\/uploads\/2024\/06\/GrabFoodLogo.png?w=230&amp;ssl=1 230w, https:\/\/i0.wp.com\/tiemmihaomi.vn\/wp-content\/uploads\/2024\/06\/GrabFoodLogo.png?resize=18%2C3&amp;ssl=1 18w\" sizes=\"auto, (max-width: 230px) 100vw, 230px\" \/><img data-recalc-dims=\"1\" loading=\"lazy\" decoding=\"async\" class=\"alignnone size-full wp-image-1110\" style=\"margin: 20px 0px 0px 0px;\" src=\"https:\/\/i0.wp.com\/tiemmihaomi.vn\/wp-content\/uploads\/2024\/06\/shopeefoodvn.png?resize=220%2C43&#038;ssl=1\" alt=\"\" width=\"220\" height=\"43\" srcset=\"https:\/\/i0.wp.com\/tiemmihaomi.vn\/wp-content\/uploads\/2024\/06\/shopeefoodvn.png?w=220&amp;ssl=1 220w, https:\/\/i0.wp.com\/tiemmihaomi.vn\/wp-content\/uploads\/2024\/06\/shopeefoodvn.png?resize=18%2C4&amp;ssl=1 18w\" sizes=\"auto, (max-width: 220px) 100vw, 220px\" \/><\/a>\n<\/div>\n<\/div>\n<div class=\"haomi-review-video-product-details-page\"><\/div>","protected":false},"excerpt":{"rendered":"<p>S\u1ef1 h\u00f2a quy\u1ec7n ho\u00e0n h\u1ea3o gi\u1eefa \u1ee9c g\u00e0 cu\u1ed9n rong bi\u1ec3n chi\u00ean gi\u00f2n, tr\u1ee9ng \u1ed1p la b\u1ed5 d\u01b0\u1ee1ng v\u00e0 m\u00ec tr\u1ee9ng dai m\u1ec1m. S\u1ed1t Haomi \u0111\u1eb7c tr\u01b0ng ph\u1ee7 \u0111\u1ec1u, mang l\u1ea1i v\u1ecb \u0111\u1eadm \u0111\u00e0 kh\u00f3 qu\u00ean. Th\u00eam ch\u00fat d\u01b0a leo t\u01b0\u01a1i m\u00e1t \u0111\u1ec3 l\u00e0m d\u1ecbu kh\u1ea9u v\u1ecb, m\u00f3n \u0103n n\u00e0y s\u1ebd l\u00e0 l\u1ef1a ch\u1ecdn tuy\u1ec7t [&hellip;]<\/p>\n","protected":false},"featured_media":1154,"template":"","meta":{"_acf_changed":false,"nf_dc_page":""},"product_brand":[],"product_cat":[31],"product_tag":[],"class_list":{"0":"post-1168","1":"product","2":"type-product","3":"status-publish","4":"has-post-thumbnail","6":"product_cat-mi-tron-takeaway","8":"first","9":"instock","10":"shipping-taxable","11":"purchasable","12":"product-type-simple"},"acf":[],"yoast_head":"<!-- This site is optimized with the Yoast SEO plugin v27.4 - https:\/\/yoast.com\/product\/yoast-seo-wordpress\/ -->\n<title>M\u00ec Tr\u1ed9n \u1ee8c G\u00e0 Cu\u1ed9n Rong Bi\u1ec3n + \u1ed0p La - HAOMI<\/title>\n<meta name=\"description\" content=\"S\u1ef1 h\u00f2a quy\u1ec7n ho\u00e0n h\u1ea3o gi\u1eefa \u1ee9c g\u00e0 cu\u1ed9n rong bi\u1ec3n chi\u00ean gi\u00f2n, tr\u1ee9ng \u1ed1p la b\u1ed5 d\u01b0\u1ee1ng v\u00e0 m\u00ec tr\u1ee9ng dai m\u1ec1m. S\u1ed1t Haomi \u0111\u1eb7c tr\u01b0ng ph\u1ee7 \u0111\u1ec1u, mang l\u1ea1i v\u1ecb \u0111\u1eadm \u0111\u00e0 kh\u00f3 qu\u00ean. Th\u00eam ch\u00fat d\u01b0a leo t\u01b0\u01a1i m\u00e1t \u0111\u1ec3 l\u00e0m d\u1ecbu kh\u1ea9u v\u1ecb, m\u00f3n \u0103n n\u00e0y s\u1ebd l\u00e0 l\u1ef1a ch\u1ecdn tuy\u1ec7t v\u1eddi cho b\u1eefa \u0103n c\u1ee7a b\u1ea1n.\" \/>\n<meta name=\"robots\" content=\"index, follow, max-snippet:-1, max-image-preview:large, max-video-preview:-1\" \/>\n<link rel=\"canonical\" href=\"https:\/\/tiemmihaomi.vn\/en\/product\/mi-tron-uc-ga-cuon-rong-bien-opla\/\" \/>\n<meta property=\"og:locale\" content=\"en_US\" \/>\n<meta property=\"og:type\" content=\"article\" \/>\n<meta property=\"og:title\" content=\"M\u00ec Tr\u1ed9n \u1ee8c G\u00e0 Cu\u1ed9n Rong Bi\u1ec3n + \u1ed0p La - HAOMI\" \/>\n<meta property=\"og:description\" content=\"S\u1ef1 h\u00f2a quy\u1ec7n ho\u00e0n h\u1ea3o gi\u1eefa \u1ee9c g\u00e0 cu\u1ed9n rong bi\u1ec3n chi\u00ean gi\u00f2n, tr\u1ee9ng \u1ed1p la b\u1ed5 d\u01b0\u1ee1ng v\u00e0 m\u00ec tr\u1ee9ng dai m\u1ec1m. S\u1ed1t Haomi \u0111\u1eb7c tr\u01b0ng ph\u1ee7 \u0111\u1ec1u, mang l\u1ea1i v\u1ecb \u0111\u1eadm \u0111\u00e0 kh\u00f3 qu\u00ean. Th\u00eam ch\u00fat d\u01b0a leo t\u01b0\u01a1i m\u00e1t \u0111\u1ec3 l\u00e0m d\u1ecbu kh\u1ea9u v\u1ecb, m\u00f3n \u0103n n\u00e0y s\u1ebd l\u00e0 l\u1ef1a ch\u1ecdn tuy\u1ec7t v\u1eddi cho b\u1eefa \u0103n c\u1ee7a b\u1ea1n.\" \/>\n<meta property=\"og:url\" content=\"https:\/\/tiemmihaomi.vn\/en\/product\/mi-tron-uc-ga-cuon-rong-bien-opla\/\" \/>\n<meta property=\"og:site_name\" content=\"HAOMI\" \/>\n<meta property=\"article:modified_time\" content=\"2026-01-07T07:03:48+00:00\" \/>\n<meta property=\"og:image\" content=\"https:\/\/i0.wp.com\/tiemmihaomi.vn\/wp-content\/uploads\/2024\/02\/GaCuonRongBienTrung.jpg?fit=900%2C675&ssl=1\" \/>\n\t<meta property=\"og:image:width\" content=\"900\" \/>\n\t<meta property=\"og:image:height\" content=\"675\" \/>\n\t<meta property=\"og:image:type\" content=\"image\/jpeg\" \/>\n<meta name=\"twitter:card\" content=\"summary_large_image\" \/>\n<meta name=\"twitter:label1\" content=\"Est. reading time\" \/>\n\t<meta name=\"twitter:data1\" content=\"2 minutes\" \/>\n<script type=\"application\/ld+json\" class=\"yoast-schema-graph\">{\"@context\":\"https:\\\/\\\/schema.org\",\"@graph\":[{\"@type\":\"WebPage\",\"@id\":\"https:\\\/\\\/tiemmihaomi.vn\\\/product\\\/mi-tron-uc-ga-cuon-rong-bien-opla\\\/\",\"url\":\"https:\\\/\\\/tiemmihaomi.vn\\\/product\\\/mi-tron-uc-ga-cuon-rong-bien-opla\\\/\",\"name\":\"M\u00ec Tr\u1ed9n \u1ee8c G\u00e0 Cu\u1ed9n Rong Bi\u1ec3n + \u1ed0p La - HAOMI\",\"isPartOf\":{\"@id\":\"https:\\\/\\\/tiemmihaomi.vn\\\/#website\"},\"primaryImageOfPage\":{\"@id\":\"https:\\\/\\\/tiemmihaomi.vn\\\/product\\\/mi-tron-uc-ga-cuon-rong-bien-opla\\\/#primaryimage\"},\"image\":{\"@id\":\"https:\\\/\\\/tiemmihaomi.vn\\\/product\\\/mi-tron-uc-ga-cuon-rong-bien-opla\\\/#primaryimage\"},\"thumbnailUrl\":\"https:\\\/\\\/i0.wp.com\\\/tiemmihaomi.vn\\\/wp-content\\\/uploads\\\/2024\\\/02\\\/GaCuonRongBienTrung.jpg?fit=900%2C675&ssl=1\",\"datePublished\":\"2024-11-24T06:35:51+00:00\",\"dateModified\":\"2026-01-07T07:03:48+00:00\",\"description\":\"S\u1ef1 h\u00f2a quy\u1ec7n ho\u00e0n h\u1ea3o gi\u1eefa \u1ee9c g\u00e0 cu\u1ed9n rong bi\u1ec3n chi\u00ean gi\u00f2n, tr\u1ee9ng \u1ed1p la b\u1ed5 d\u01b0\u1ee1ng v\u00e0 m\u00ec tr\u1ee9ng dai m\u1ec1m. S\u1ed1t Haomi \u0111\u1eb7c tr\u01b0ng ph\u1ee7 \u0111\u1ec1u, mang l\u1ea1i v\u1ecb \u0111\u1eadm \u0111\u00e0 kh\u00f3 qu\u00ean. Th\u00eam ch\u00fat d\u01b0a leo t\u01b0\u01a1i m\u00e1t \u0111\u1ec3 l\u00e0m d\u1ecbu kh\u1ea9u v\u1ecb, m\u00f3n \u0103n n\u00e0y s\u1ebd l\u00e0 l\u1ef1a ch\u1ecdn tuy\u1ec7t v\u1eddi cho b\u1eefa \u0103n c\u1ee7a b\u1ea1n.\",\"breadcrumb\":{\"@id\":\"https:\\\/\\\/tiemmihaomi.vn\\\/product\\\/mi-tron-uc-ga-cuon-rong-bien-opla\\\/#breadcrumb\"},\"inLanguage\":\"en-US\",\"potentialAction\":[{\"@type\":\"ReadAction\",\"target\":[\"https:\\\/\\\/tiemmihaomi.vn\\\/product\\\/mi-tron-uc-ga-cuon-rong-bien-opla\\\/\"]}]},{\"@type\":\"ImageObject\",\"inLanguage\":\"en-US\",\"@id\":\"https:\\\/\\\/tiemmihaomi.vn\\\/product\\\/mi-tron-uc-ga-cuon-rong-bien-opla\\\/#primaryimage\",\"url\":\"https:\\\/\\\/i0.wp.com\\\/tiemmihaomi.vn\\\/wp-content\\\/uploads\\\/2024\\\/02\\\/GaCuonRongBienTrung.jpg?fit=900%2C675&ssl=1\",\"contentUrl\":\"https:\\\/\\\/i0.wp.com\\\/tiemmihaomi.vn\\\/wp-content\\\/uploads\\\/2024\\\/02\\\/GaCuonRongBienTrung.jpg?fit=900%2C675&ssl=1\",\"width\":900,\"height\":675,\"caption\":\"M\u00ec Tr\u1ed9n \u1ee8c G\u00e0 Cu\u1ed9n Rong Bi\u1ec3n + \u1ed0p La\"},{\"@type\":\"BreadcrumbList\",\"@id\":\"https:\\\/\\\/tiemmihaomi.vn\\\/product\\\/mi-tron-uc-ga-cuon-rong-bien-opla\\\/#breadcrumb\",\"itemListElement\":[{\"@type\":\"ListItem\",\"position\":1,\"name\":\"Home\",\"item\":\"https:\\\/\\\/tiemmihaomi.vn\\\/\"},{\"@type\":\"ListItem\",\"position\":2,\"name\":\"T\u1ea5t C\u1ea3 M\u00f3n\",\"item\":\"https:\\\/\\\/tiemmihaomi.vn\\\/shop\\\/\"},{\"@type\":\"ListItem\",\"position\":3,\"name\":\"M\u00ec Tr\u1ed9n \u1ee8c G\u00e0 Cu\u1ed9n Rong Bi\u1ec3n + \u1ed0p La\"}]},{\"@type\":\"WebSite\",\"@id\":\"https:\\\/\\\/tiemmihaomi.vn\\\/#website\",\"url\":\"https:\\\/\\\/tiemmihaomi.vn\\\/\",\"name\":\"HAOMI\",\"description\":\"Ti\u1ec7m m\u00ec tr\u1ed9n\",\"publisher\":{\"@id\":\"https:\\\/\\\/tiemmihaomi.vn\\\/#organization\"},\"potentialAction\":[{\"@type\":\"SearchAction\",\"target\":{\"@type\":\"EntryPoint\",\"urlTemplate\":\"https:\\\/\\\/tiemmihaomi.vn\\\/?s={search_term_string}\"},\"query-input\":{\"@type\":\"PropertyValueSpecification\",\"valueRequired\":true,\"valueName\":\"search_term_string\"}}],\"inLanguage\":\"en-US\"},{\"@type\":\"Organization\",\"@id\":\"https:\\\/\\\/tiemmihaomi.vn\\\/#organization\",\"name\":\"HAOMI\",\"url\":\"https:\\\/\\\/tiemmihaomi.vn\\\/\",\"logo\":{\"@type\":\"ImageObject\",\"inLanguage\":\"en-US\",\"@id\":\"https:\\\/\\\/tiemmihaomi.vn\\\/#\\\/schema\\\/logo\\\/image\\\/\",\"url\":\"https:\\\/\\\/i0.wp.com\\\/tiemmihaomi.vn\\\/wp-content\\\/uploads\\\/2023\\\/03\\\/haomi-logo-resized.png?fit=240%2C378&ssl=1\",\"contentUrl\":\"https:\\\/\\\/i0.wp.com\\\/tiemmihaomi.vn\\\/wp-content\\\/uploads\\\/2023\\\/03\\\/haomi-logo-resized.png?fit=240%2C378&ssl=1\",\"width\":240,\"height\":378,\"caption\":\"HAOMI\"},\"image\":{\"@id\":\"https:\\\/\\\/tiemmihaomi.vn\\\/#\\\/schema\\\/logo\\\/image\\\/\"}}]}<\/script>\n<!-- \/ Yoast SEO plugin. -->","yoast_head_json":{"title":"M\u00ec Tr\u1ed9n \u1ee8c G\u00e0 Cu\u1ed9n Rong Bi\u1ec3n + \u1ed0p La - HAOMI","description":"S\u1ef1 h\u00f2a quy\u1ec7n ho\u00e0n h\u1ea3o gi\u1eefa \u1ee9c g\u00e0 cu\u1ed9n rong bi\u1ec3n chi\u00ean gi\u00f2n, tr\u1ee9ng \u1ed1p la b\u1ed5 d\u01b0\u1ee1ng v\u00e0 m\u00ec tr\u1ee9ng dai m\u1ec1m. S\u1ed1t Haomi \u0111\u1eb7c tr\u01b0ng ph\u1ee7 \u0111\u1ec1u, mang l\u1ea1i v\u1ecb \u0111\u1eadm \u0111\u00e0 kh\u00f3 qu\u00ean. Th\u00eam ch\u00fat d\u01b0a leo t\u01b0\u01a1i m\u00e1t \u0111\u1ec3 l\u00e0m d\u1ecbu kh\u1ea9u v\u1ecb, m\u00f3n \u0103n n\u00e0y s\u1ebd l\u00e0 l\u1ef1a ch\u1ecdn tuy\u1ec7t v\u1eddi cho b\u1eefa \u0103n c\u1ee7a b\u1ea1n.","robots":{"index":"index","follow":"follow","max-snippet":"max-snippet:-1","max-image-preview":"max-image-preview:large","max-video-preview":"max-video-preview:-1"},"canonical":"https:\/\/tiemmihaomi.vn\/en\/product\/mi-tron-uc-ga-cuon-rong-bien-opla\/","og_locale":"en_US","og_type":"article","og_title":"M\u00ec Tr\u1ed9n \u1ee8c G\u00e0 Cu\u1ed9n Rong Bi\u1ec3n + \u1ed0p La - HAOMI","og_description":"S\u1ef1 h\u00f2a quy\u1ec7n ho\u00e0n h\u1ea3o gi\u1eefa \u1ee9c g\u00e0 cu\u1ed9n rong bi\u1ec3n chi\u00ean gi\u00f2n, tr\u1ee9ng \u1ed1p la b\u1ed5 d\u01b0\u1ee1ng v\u00e0 m\u00ec tr\u1ee9ng dai m\u1ec1m. S\u1ed1t Haomi \u0111\u1eb7c tr\u01b0ng ph\u1ee7 \u0111\u1ec1u, mang l\u1ea1i v\u1ecb \u0111\u1eadm \u0111\u00e0 kh\u00f3 qu\u00ean. Th\u00eam ch\u00fat d\u01b0a leo t\u01b0\u01a1i m\u00e1t \u0111\u1ec3 l\u00e0m d\u1ecbu kh\u1ea9u v\u1ecb, m\u00f3n \u0103n n\u00e0y s\u1ebd l\u00e0 l\u1ef1a ch\u1ecdn tuy\u1ec7t v\u1eddi cho b\u1eefa \u0103n c\u1ee7a b\u1ea1n.","og_url":"https:\/\/tiemmihaomi.vn\/en\/product\/mi-tron-uc-ga-cuon-rong-bien-opla\/","og_site_name":"HAOMI","article_modified_time":"2026-01-07T07:03:48+00:00","og_image":[{"width":900,"height":675,"url":"https:\/\/i0.wp.com\/tiemmihaomi.vn\/wp-content\/uploads\/2024\/02\/GaCuonRongBienTrung.jpg?fit=900%2C675&ssl=1","type":"image\/jpeg"}],"twitter_card":"summary_large_image","twitter_misc":{"Est. reading time":"2 minutes"},"schema":{"@context":"https:\/\/schema.org","@graph":[{"@type":"WebPage","@id":"https:\/\/tiemmihaomi.vn\/product\/mi-tron-uc-ga-cuon-rong-bien-opla\/","url":"https:\/\/tiemmihaomi.vn\/product\/mi-tron-uc-ga-cuon-rong-bien-opla\/","name":"M\u00ec Tr\u1ed9n \u1ee8c G\u00e0 Cu\u1ed9n Rong Bi\u1ec3n + \u1ed0p La - HAOMI","isPartOf":{"@id":"https:\/\/tiemmihaomi.vn\/#website"},"primaryImageOfPage":{"@id":"https:\/\/tiemmihaomi.vn\/product\/mi-tron-uc-ga-cuon-rong-bien-opla\/#primaryimage"},"image":{"@id":"https:\/\/tiemmihaomi.vn\/product\/mi-tron-uc-ga-cuon-rong-bien-opla\/#primaryimage"},"thumbnailUrl":"https:\/\/i0.wp.com\/tiemmihaomi.vn\/wp-content\/uploads\/2024\/02\/GaCuonRongBienTrung.jpg?fit=900%2C675&ssl=1","datePublished":"2024-11-24T06:35:51+00:00","dateModified":"2026-01-07T07:03:48+00:00","description":"S\u1ef1 h\u00f2a quy\u1ec7n ho\u00e0n h\u1ea3o gi\u1eefa \u1ee9c g\u00e0 cu\u1ed9n rong bi\u1ec3n chi\u00ean gi\u00f2n, tr\u1ee9ng \u1ed1p la b\u1ed5 d\u01b0\u1ee1ng v\u00e0 m\u00ec tr\u1ee9ng dai m\u1ec1m. S\u1ed1t Haomi \u0111\u1eb7c tr\u01b0ng ph\u1ee7 \u0111\u1ec1u, mang l\u1ea1i v\u1ecb \u0111\u1eadm \u0111\u00e0 kh\u00f3 qu\u00ean. Th\u00eam ch\u00fat d\u01b0a leo t\u01b0\u01a1i m\u00e1t \u0111\u1ec3 l\u00e0m d\u1ecbu kh\u1ea9u v\u1ecb, m\u00f3n \u0103n n\u00e0y s\u1ebd l\u00e0 l\u1ef1a ch\u1ecdn tuy\u1ec7t v\u1eddi cho b\u1eefa \u0103n c\u1ee7a b\u1ea1n.","breadcrumb":{"@id":"https:\/\/tiemmihaomi.vn\/product\/mi-tron-uc-ga-cuon-rong-bien-opla\/#breadcrumb"},"inLanguage":"en-US","potentialAction":[{"@type":"ReadAction","target":["https:\/\/tiemmihaomi.vn\/product\/mi-tron-uc-ga-cuon-rong-bien-opla\/"]}]},{"@type":"ImageObject","inLanguage":"en-US","@id":"https:\/\/tiemmihaomi.vn\/product\/mi-tron-uc-ga-cuon-rong-bien-opla\/#primaryimage","url":"https:\/\/i0.wp.com\/tiemmihaomi.vn\/wp-content\/uploads\/2024\/02\/GaCuonRongBienTrung.jpg?fit=900%2C675&ssl=1","contentUrl":"https:\/\/i0.wp.com\/tiemmihaomi.vn\/wp-content\/uploads\/2024\/02\/GaCuonRongBienTrung.jpg?fit=900%2C675&ssl=1","width":900,"height":675,"caption":"M\u00ec Tr\u1ed9n \u1ee8c G\u00e0 Cu\u1ed9n Rong Bi\u1ec3n + \u1ed0p La"},{"@type":"BreadcrumbList","@id":"https:\/\/tiemmihaomi.vn\/product\/mi-tron-uc-ga-cuon-rong-bien-opla\/#breadcrumb","itemListElement":[{"@type":"ListItem","position":1,"name":"Home","item":"https:\/\/tiemmihaomi.vn\/"},{"@type":"ListItem","position":2,"name":"T\u1ea5t C\u1ea3 M\u00f3n","item":"https:\/\/tiemmihaomi.vn\/shop\/"},{"@type":"ListItem","position":3,"name":"M\u00ec Tr\u1ed9n \u1ee8c G\u00e0 Cu\u1ed9n Rong Bi\u1ec3n + \u1ed0p La"}]},{"@type":"WebSite","@id":"https:\/\/tiemmihaomi.vn\/#website","url":"https:\/\/tiemmihaomi.vn\/","name":"HAOMI","description":"Ti\u1ec7m m\u00ec tr\u1ed9n","publisher":{"@id":"https:\/\/tiemmihaomi.vn\/#organization"},"potentialAction":[{"@type":"SearchAction","target":{"@type":"EntryPoint","urlTemplate":"https:\/\/tiemmihaomi.vn\/?s={search_term_string}"},"query-input":{"@type":"PropertyValueSpecification","valueRequired":true,"valueName":"search_term_string"}}],"inLanguage":"en-US"},{"@type":"Organization","@id":"https:\/\/tiemmihaomi.vn\/#organization","name":"HAOMI","url":"https:\/\/tiemmihaomi.vn\/","logo":{"@type":"ImageObject","inLanguage":"en-US","@id":"https:\/\/tiemmihaomi.vn\/#\/schema\/logo\/image\/","url":"https:\/\/i0.wp.com\/tiemmihaomi.vn\/wp-content\/uploads\/2023\/03\/haomi-logo-resized.png?fit=240%2C378&ssl=1","contentUrl":"https:\/\/i0.wp.com\/tiemmihaomi.vn\/wp-content\/uploads\/2023\/03\/haomi-logo-resized.png?fit=240%2C378&ssl=1","width":240,"height":378,"caption":"HAOMI"},"image":{"@id":"https:\/\/tiemmihaomi.vn\/#\/schema\/logo\/image\/"}}]}},"jetpack_sharing_enabled":true,"_links":{"self":[{"href":"https:\/\/tiemmihaomi.vn\/en\/wp-json\/wp\/v2\/product\/1168","targetHints":{"allow":["GET"]}}],"collection":[{"href":"https:\/\/tiemmihaomi.vn\/en\/wp-json\/wp\/v2\/product"}],"about":[{"href":"https:\/\/tiemmihaomi.vn\/en\/wp-json\/wp\/v2\/types\/product"}],"wp:featuredmedia":[{"embeddable":true,"href":"https:\/\/tiemmihaomi.vn\/en\/wp-json\/wp\/v2\/media\/1154"}],"wp:attachment":[{"href":"https:\/\/tiemmihaomi.vn\/en\/wp-json\/wp\/v2\/media?parent=1168"}],"wp:term":[{"taxonomy":"product_brand","embeddable":true,"href":"https:\/\/tiemmihaomi.vn\/en\/wp-json\/wp\/v2\/product_brand?post=1168"},{"taxonomy":"product_cat","embeddable":true,"href":"https:\/\/tiemmihaomi.vn\/en\/wp-json\/wp\/v2\/product_cat?post=1168"},{"taxonomy":"product_tag","embeddable":true,"href":"https:\/\/tiemmihaomi.vn\/en\/wp-json\/wp\/v2\/product_tag?post=1168"}],"curies":[{"name":"wp","href":"https:\/\/api.w.org\/{rel}","templated":true}]}}