{"id":63,"date":"2023-03-19T07:33:16","date_gmt":"2023-03-19T00:33:16","guid":{"rendered":"https:\/\/tiemmihaomi.vn\/?page_id=63"},"modified":"2025-05-28T12:09:30","modified_gmt":"2025-05-28T05:09:30","slug":"lien-he","status":"publish","type":"page","link":"https:\/\/tiemmihaomi.vn\/en\/lien-he\/","title":{"rendered":"Contact"},"content":{"rendered":"<h3 class=\"wp-block-heading\">Communication channels<\/h3>\n\n\n\n<div class=\"wp-block-columns is-layout-flex wp-container-core-columns-is-layout-9d6595d7 wp-block-columns-is-layout-flex\">\n<div class=\"wp-block-column is-layout-flow wp-block-column-is-layout-flow\" style=\"flex-basis:30%\">\n<div class=\"wp-block-jetpack-contact-info\">\n<div class=\"wp-block-jetpack-email\"><a href=\"mailto:viettlp1991@gmail.com\">viettlp1991@gmail.com<\/a><\/div>\n\n\n\n<div class=\"wp-block-jetpack-phone\"><a href=\"tel:0778677771\">0778677771<\/a><\/div>\n\n\n\n<div class=\"wp-block-jetpack-address\"><div class=\"jetpack-address__address jetpack-address__address1\">205 Ch\u00e2u Th\u1ecb V\u0129nh T\u1ebf<\/div><div class=\"jetpack-address__city\">\u0110\u00e0 N\u1eb5ng<\/div><div class=\"jetpack-address__country\">Vi\u1ec7t Nam<\/div><\/div>\n<\/div>\n<\/div>\n\n\n\n<div class=\"wp-block-column is-layout-flow wp-block-column-is-layout-flow\" style=\"flex-basis:50%\">\n<iframe src=\"https:\/\/www.google.com\/maps\/embed?pb=!1m18!1m12!1m3!1d3834.3779438785505!2d108.2419886!3d16.0458657!2m3!1f0!2f0!3f0!3m2!1i1024!2i768!4f13.1!3m3!1m2!1s0x314217ac74b88b67%3A0x3b5a6ef14cf3aa5!2zSGFvbWkgLSBUaeG7h20gTcOsIFRy4buZbg!5e0!3m2!1sen!2snz!4v1748408907795!5m2!1sen!2snz\" width=\"600\" height=\"450\" style=\"border:0;\" allowfullscreen=\"\" loading=\"lazy\" referrerpolicy=\"no-referrer-when-downgrade\"><\/iframe>\n<\/div>\n<\/div>\n\n\n\n<h3 class=\"wp-block-heading\">Please leave your message here<\/h3>\n\n\n<div class=\"wp-block-jetpack-contact-form is-layout-flex wp-container-jetpack-contact-form-is-layout-026b38f8 wp-block-jetpack-contact-form-is-layout-flex\"><a href=\"https:\/\/tiemmihaomi.vn\/en\/lien-he\/\" target=\"_blank\" rel=\"noopener noreferrer\">Submit a form.<\/a><\/div>\n\n\n<h2 class=\"wp-block-heading\">Return Policy<\/h2>\n\n\n\n<p class=\"\">Our store does not currently have a specific policy about returning. If you have any problem with the product, please contact us at the phone number above. Thank you.<\/p>","protected":false},"excerpt":{"rendered":"<p>Th\u00f4ng tin li\u00ean l\u1ea1c Xin \u0111\u1ec3 l\u1ea1i l\u1eddi nh\u1eafn c\u1ee7a b\u1ea1n \u1edf \u0111\u00e2y Ch\u00ednh s\u00e1ch tr\u1ea3 h\u00e0ng Ti\u1ec7m ch\u00fang t\u00f4i hi\u1ec7n ch\u01b0a c\u00f3 ch\u00ednh s\u00e1ch c\u1ee5 th\u1ec3 v\u1ec1 \u0111\u1ed5i tr\u1ea3 h\u00e0ng. N\u1ebfu c\u00f3 v\u1ea5n \u0111\u1ec1 g\u00ec li\u00ean quan \u0111\u1ebfn s\u1ea3n ph\u1ea9m, xin qu\u00fd kh\u00e1ch vui l\u00f2ng li\u00ean l\u1ea1c v\u1edbi ch\u00fang t\u00f4i theo s\u1ed1 \u0111i\u1ec7n tho\u1ea1i [&hellip;]<\/p>\n","protected":false},"author":1,"featured_media":0,"parent":0,"menu_order":0,"comment_status":"closed","ping_status":"closed","template":"","meta":{"_acf_changed":false,"nf_dc_page":"","footnotes":""},"class_list":["post-63","page","type-page","status-publish","hentry"],"acf":[],"yoast_head":"<!-- This site is optimized with the Yoast SEO plugin v27.5 - https:\/\/yoast.com\/product\/yoast-seo-wordpress\/ -->\n<title>Li\u00ean h\u1ec7 - HAOMI<\/title>\n<meta name=\"robots\" content=\"index, follow, max-snippet:-1, max-image-preview:large, max-video-preview:-1\" \/>\n<link rel=\"canonical\" href=\"https:\/\/tiemmihaomi.vn\/en\/lien-he\/\" \/>\n<meta property=\"og:locale\" content=\"en_US\" \/>\n<meta property=\"og:type\" content=\"article\" \/>\n<meta property=\"og:title\" content=\"Li\u00ean h\u1ec7 - HAOMI\" \/>\n<meta property=\"og:description\" content=\"Th\u00f4ng tin li\u00ean l\u1ea1c Xin \u0111\u1ec3 l\u1ea1i l\u1eddi nh\u1eafn c\u1ee7a b\u1ea1n \u1edf \u0111\u00e2y Ch\u00ednh s\u00e1ch tr\u1ea3 h\u00e0ng Ti\u1ec7m ch\u00fang t\u00f4i hi\u1ec7n ch\u01b0a c\u00f3 ch\u00ednh s\u00e1ch c\u1ee5 th\u1ec3 v\u1ec1 \u0111\u1ed5i tr\u1ea3 h\u00e0ng. N\u1ebfu c\u00f3 v\u1ea5n \u0111\u1ec1 g\u00ec li\u00ean quan \u0111\u1ebfn s\u1ea3n ph\u1ea9m, xin qu\u00fd kh\u00e1ch vui l\u00f2ng li\u00ean l\u1ea1c v\u1edbi ch\u00fang t\u00f4i theo s\u1ed1 \u0111i\u1ec7n tho\u1ea1i [&hellip;]\" \/>\n<meta property=\"og:url\" content=\"https:\/\/tiemmihaomi.vn\/en\/lien-he\/\" \/>\n<meta property=\"og:site_name\" content=\"HAOMI\" \/>\n<meta property=\"article:modified_time\" content=\"2025-05-28T05:09:30+00:00\" \/>\n<meta name=\"twitter:card\" content=\"summary_large_image\" \/>\n<meta name=\"twitter:label1\" content=\"Est. reading time\" \/>\n\t<meta name=\"twitter:data1\" content=\"1 minute\" \/>\n<script type=\"application\/ld+json\" class=\"yoast-schema-graph\">{\"@context\":\"https:\\\/\\\/schema.org\",\"@graph\":[{\"@type\":\"WebPage\",\"@id\":\"https:\\\/\\\/tiemmihaomi.vn\\\/lien-he\\\/\",\"url\":\"https:\\\/\\\/tiemmihaomi.vn\\\/lien-he\\\/\",\"name\":\"Li\u00ean h\u1ec7 - HAOMI\",\"isPartOf\":{\"@id\":\"https:\\\/\\\/tiemmihaomi.vn\\\/#website\"},\"datePublished\":\"2023-03-19T00:33:16+00:00\",\"dateModified\":\"2025-05-28T05:09:30+00:00\",\"breadcrumb\":{\"@id\":\"https:\\\/\\\/tiemmihaomi.vn\\\/lien-he\\\/#breadcrumb\"},\"inLanguage\":\"en-US\",\"potentialAction\":[{\"@type\":\"ReadAction\",\"target\":[\"https:\\\/\\\/tiemmihaomi.vn\\\/lien-he\\\/\"]}]},{\"@type\":\"BreadcrumbList\",\"@id\":\"https:\\\/\\\/tiemmihaomi.vn\\\/lien-he\\\/#breadcrumb\",\"itemListElement\":[{\"@type\":\"ListItem\",\"position\":1,\"name\":\"Home\",\"item\":\"https:\\\/\\\/tiemmihaomi.vn\\\/\"},{\"@type\":\"ListItem\",\"position\":2,\"name\":\"Li\u00ean h\u1ec7\"}]},{\"@type\":\"WebSite\",\"@id\":\"https:\\\/\\\/tiemmihaomi.vn\\\/#website\",\"url\":\"https:\\\/\\\/tiemmihaomi.vn\\\/\",\"name\":\"HAOMI\",\"description\":\"Ti\u1ec7m m\u00ec tr\u1ed9n\",\"publisher\":{\"@id\":\"https:\\\/\\\/tiemmihaomi.vn\\\/#organization\"},\"potentialAction\":[{\"@type\":\"SearchAction\",\"target\":{\"@type\":\"EntryPoint\",\"urlTemplate\":\"https:\\\/\\\/tiemmihaomi.vn\\\/?s={search_term_string}\"},\"query-input\":{\"@type\":\"PropertyValueSpecification\",\"valueRequired\":true,\"valueName\":\"search_term_string\"}}],\"inLanguage\":\"en-US\"},{\"@type\":\"Organization\",\"@id\":\"https:\\\/\\\/tiemmihaomi.vn\\\/#organization\",\"name\":\"HAOMI\",\"url\":\"https:\\\/\\\/tiemmihaomi.vn\\\/\",\"logo\":{\"@type\":\"ImageObject\",\"inLanguage\":\"en-US\",\"@id\":\"https:\\\/\\\/tiemmihaomi.vn\\\/#\\\/schema\\\/logo\\\/image\\\/\",\"url\":\"https:\\\/\\\/i0.wp.com\\\/tiemmihaomi.vn\\\/wp-content\\\/uploads\\\/2023\\\/03\\\/haomi-logo-resized.png?fit=240%2C378&ssl=1\",\"contentUrl\":\"https:\\\/\\\/i0.wp.com\\\/tiemmihaomi.vn\\\/wp-content\\\/uploads\\\/2023\\\/03\\\/haomi-logo-resized.png?fit=240%2C378&ssl=1\",\"width\":240,\"height\":378,\"caption\":\"HAOMI\"},\"image\":{\"@id\":\"https:\\\/\\\/tiemmihaomi.vn\\\/#\\\/schema\\\/logo\\\/image\\\/\"}}]}<\/script>\n<!-- \/ Yoast SEO plugin. -->","yoast_head_json":{"title":"Li\u00ean h\u1ec7 - HAOMI","robots":{"index":"index","follow":"follow","max-snippet":"max-snippet:-1","max-image-preview":"max-image-preview:large","max-video-preview":"max-video-preview:-1"},"canonical":"https:\/\/tiemmihaomi.vn\/en\/lien-he\/","og_locale":"en_US","og_type":"article","og_title":"Li\u00ean h\u1ec7 - HAOMI","og_description":"Th\u00f4ng tin li\u00ean l\u1ea1c Xin \u0111\u1ec3 l\u1ea1i l\u1eddi nh\u1eafn c\u1ee7a b\u1ea1n \u1edf \u0111\u00e2y Ch\u00ednh s\u00e1ch tr\u1ea3 h\u00e0ng Ti\u1ec7m ch\u00fang t\u00f4i hi\u1ec7n ch\u01b0a c\u00f3 ch\u00ednh s\u00e1ch c\u1ee5 th\u1ec3 v\u1ec1 \u0111\u1ed5i tr\u1ea3 h\u00e0ng. N\u1ebfu c\u00f3 v\u1ea5n \u0111\u1ec1 g\u00ec li\u00ean quan \u0111\u1ebfn s\u1ea3n ph\u1ea9m, xin qu\u00fd kh\u00e1ch vui l\u00f2ng li\u00ean l\u1ea1c v\u1edbi ch\u00fang t\u00f4i theo s\u1ed1 \u0111i\u1ec7n tho\u1ea1i [&hellip;]","og_url":"https:\/\/tiemmihaomi.vn\/en\/lien-he\/","og_site_name":"HAOMI","article_modified_time":"2025-05-28T05:09:30+00:00","twitter_card":"summary_large_image","twitter_misc":{"Est. reading time":"1 minute"},"schema":{"@context":"https:\/\/schema.org","@graph":[{"@type":"WebPage","@id":"https:\/\/tiemmihaomi.vn\/lien-he\/","url":"https:\/\/tiemmihaomi.vn\/lien-he\/","name":"Li\u00ean h\u1ec7 - HAOMI","isPartOf":{"@id":"https:\/\/tiemmihaomi.vn\/#website"},"datePublished":"2023-03-19T00:33:16+00:00","dateModified":"2025-05-28T05:09:30+00:00","breadcrumb":{"@id":"https:\/\/tiemmihaomi.vn\/lien-he\/#breadcrumb"},"inLanguage":"en-US","potentialAction":[{"@type":"ReadAction","target":["https:\/\/tiemmihaomi.vn\/lien-he\/"]}]},{"@type":"BreadcrumbList","@id":"https:\/\/tiemmihaomi.vn\/lien-he\/#breadcrumb","itemListElement":[{"@type":"ListItem","position":1,"name":"Home","item":"https:\/\/tiemmihaomi.vn\/"},{"@type":"ListItem","position":2,"name":"Li\u00ean h\u1ec7"}]},{"@type":"WebSite","@id":"https:\/\/tiemmihaomi.vn\/#website","url":"https:\/\/tiemmihaomi.vn\/","name":"HAOMI","description":"Ti\u1ec7m m\u00ec tr\u1ed9n","publisher":{"@id":"https:\/\/tiemmihaomi.vn\/#organization"},"potentialAction":[{"@type":"SearchAction","target":{"@type":"EntryPoint","urlTemplate":"https:\/\/tiemmihaomi.vn\/?s={search_term_string}"},"query-input":{"@type":"PropertyValueSpecification","valueRequired":true,"valueName":"search_term_string"}}],"inLanguage":"en-US"},{"@type":"Organization","@id":"https:\/\/tiemmihaomi.vn\/#organization","name":"HAOMI","url":"https:\/\/tiemmihaomi.vn\/","logo":{"@type":"ImageObject","inLanguage":"en-US","@id":"https:\/\/tiemmihaomi.vn\/#\/schema\/logo\/image\/","url":"https:\/\/i0.wp.com\/tiemmihaomi.vn\/wp-content\/uploads\/2023\/03\/haomi-logo-resized.png?fit=240%2C378&ssl=1","contentUrl":"https:\/\/i0.wp.com\/tiemmihaomi.vn\/wp-content\/uploads\/2023\/03\/haomi-logo-resized.png?fit=240%2C378&ssl=1","width":240,"height":378,"caption":"HAOMI"},"image":{"@id":"https:\/\/tiemmihaomi.vn\/#\/schema\/logo\/image\/"}}]}},"jetpack_sharing_enabled":true,"_links":{"self":[{"href":"https:\/\/tiemmihaomi.vn\/en\/wp-json\/wp\/v2\/pages\/63","targetHints":{"allow":["GET"]}}],"collection":[{"href":"https:\/\/tiemmihaomi.vn\/en\/wp-json\/wp\/v2\/pages"}],"about":[{"href":"https:\/\/tiemmihaomi.vn\/en\/wp-json\/wp\/v2\/types\/page"}],"author":[{"embeddable":true,"href":"https:\/\/tiemmihaomi.vn\/en\/wp-json\/wp\/v2\/users\/1"}],"replies":[{"embeddable":true,"href":"https:\/\/tiemmihaomi.vn\/en\/wp-json\/wp\/v2\/comments?post=63"}],"version-history":[{"count":20,"href":"https:\/\/tiemmihaomi.vn\/en\/wp-json\/wp\/v2\/pages\/63\/revisions"}],"predecessor-version":[{"id":1210,"href":"https:\/\/tiemmihaomi.vn\/en\/wp-json\/wp\/v2\/pages\/63\/revisions\/1210"}],"wp:attachment":[{"href":"https:\/\/tiemmihaomi.vn\/en\/wp-json\/wp\/v2\/media?parent=63"}],"curies":[{"name":"wp","href":"https:\/\/api.w.org\/{rel}","templated":true}]}}