{"id":496,"date":"2023-03-27T13:49:54","date_gmt":"2023-03-27T06:49:54","guid":{"rendered":"https:\/\/tiemmihaomi.vn\/?page_id=496"},"modified":"2023-09-08T15:24:03","modified_gmt":"2023-09-08T08:24:03","slug":"giay-phep-chung-nhan","status":"publish","type":"page","link":"https:\/\/tiemmihaomi.vn\/en\/giay-phep-chung-nhan\/","title":{"rendered":"Licenses &amp; Certifications"},"content":{"rendered":"<p>Our products and dishes meet the standards of food hygiene and safety issued by the People's Committee of Da Nang City. <br>You can be assured of the quality when using.<\/p>\n\n\n\n<p><h4>Certificate of food hygiene and safety<\/h4><\/p>\n\n\n\n<figure class=\"wp-block-image size-large\"><img data-recalc-dims=\"1\" loading=\"lazy\" decoding=\"async\" width=\"640\" height=\"895\" src=\"https:\/\/i0.wp.com\/tiemmihaomi.vn\/wp-content\/uploads\/2023\/03\/Giay_VS_ATTP.jpg?resize=640%2C895&#038;ssl=1\" alt=\"\" class=\"wp-image-507\" srcset=\"https:\/\/i0.wp.com\/tiemmihaomi.vn\/wp-content\/uploads\/2023\/03\/Giay_VS_ATTP.jpg?resize=732%2C1024&amp;ssl=1 732w, https:\/\/i0.wp.com\/tiemmihaomi.vn\/wp-content\/uploads\/2023\/03\/Giay_VS_ATTP.jpg?resize=215%2C300&amp;ssl=1 215w, https:\/\/i0.wp.com\/tiemmihaomi.vn\/wp-content\/uploads\/2023\/03\/Giay_VS_ATTP.jpg?resize=768%2C1074&amp;ssl=1 768w, https:\/\/i0.wp.com\/tiemmihaomi.vn\/wp-content\/uploads\/2023\/03\/Giay_VS_ATTP.jpg?resize=600%2C839&amp;ssl=1 600w, https:\/\/i0.wp.com\/tiemmihaomi.vn\/wp-content\/uploads\/2023\/03\/Giay_VS_ATTP.jpg?w=838&amp;ssl=1 838w\" sizes=\"auto, (max-width: 640px) 100vw, 640px\" \/><\/figure>\n\n\n\n<p><h4>Test results met quality standards for Haomi mixed noodle sauce<\/h4><\/p>\n\n\n\n<div class=\"wp-block-jetpack-tiled-gallery aligncenter is-style-rectangular\"><div class=\"tiled-gallery__gallery\"><div class=\"tiled-gallery__row\"><div class=\"tiled-gallery__col\" style=\"flex-basis:33.33333%\"><figure class=\"tiled-gallery__item\"><img decoding=\"async\" srcset=\"https:\/\/i0.wp.com\/tiemmihaomi.vn\/wp-content\/uploads\/2023\/09\/ket-qua-kiem-nghiem-sot-haomi-1-768x1024.jpg?strip=info&#038;w=600&#038;ssl=1 600w,https:\/\/i0.wp.com\/tiemmihaomi.vn\/wp-content\/uploads\/2023\/09\/ket-qua-kiem-nghiem-sot-haomi-1-768x1024.jpg?strip=info&#038;w=900&#038;ssl=1 900w,https:\/\/i0.wp.com\/tiemmihaomi.vn\/wp-content\/uploads\/2023\/09\/ket-qua-kiem-nghiem-sot-haomi-1-768x1024.jpg?strip=info&#038;w=960&#038;ssl=1 960w\" alt=\"\" data-height=\"1280\" data-id=\"990\" data-link=\"https:\/\/tiemmihaomi.vn\/giay-phep-chung-nhan\/ket-qua-kiem-nghiem-sot-haomi-1\/\" data-url=\"https:\/\/tiemmihaomi.vn\/wp-content\/uploads\/2023\/09\/ket-qua-kiem-nghiem-sot-haomi-1-768x1024.jpg\" data-width=\"960\" src=\"https:\/\/i0.wp.com\/tiemmihaomi.vn\/wp-content\/uploads\/2023\/09\/ket-qua-kiem-nghiem-sot-haomi-1-768x1024.jpg?ssl=1\" data-amp-layout=\"responsive\"\/><\/figure><\/div><div class=\"tiled-gallery__col\" style=\"flex-basis:33.33333%\"><figure class=\"tiled-gallery__item\"><img decoding=\"async\" srcset=\"https:\/\/i0.wp.com\/tiemmihaomi.vn\/wp-content\/uploads\/2023\/09\/ket-qua-kiem-nghiem-sot-haomi-2-768x1024.jpg?strip=info&#038;w=600&#038;ssl=1 600w,https:\/\/i0.wp.com\/tiemmihaomi.vn\/wp-content\/uploads\/2023\/09\/ket-qua-kiem-nghiem-sot-haomi-2-768x1024.jpg?strip=info&#038;w=900&#038;ssl=1 900w,https:\/\/i0.wp.com\/tiemmihaomi.vn\/wp-content\/uploads\/2023\/09\/ket-qua-kiem-nghiem-sot-haomi-2-768x1024.jpg?strip=info&#038;w=960&#038;ssl=1 960w\" alt=\"\" data-height=\"1280\" data-id=\"991\" data-link=\"https:\/\/tiemmihaomi.vn\/giay-phep-chung-nhan\/ket-qua-kiem-nghiem-sot-haomi-2\/\" data-url=\"https:\/\/tiemmihaomi.vn\/wp-content\/uploads\/2023\/09\/ket-qua-kiem-nghiem-sot-haomi-2-768x1024.jpg\" data-width=\"960\" src=\"https:\/\/i0.wp.com\/tiemmihaomi.vn\/wp-content\/uploads\/2023\/09\/ket-qua-kiem-nghiem-sot-haomi-2-768x1024.jpg?ssl=1\" data-amp-layout=\"responsive\"\/><\/figure><\/div><div class=\"tiled-gallery__col\" style=\"flex-basis:33.33333%\"><figure class=\"tiled-gallery__item\"><img decoding=\"async\" srcset=\"https:\/\/i0.wp.com\/tiemmihaomi.vn\/wp-content\/uploads\/2023\/09\/ket-qua-kiem-nghiem-sot-haomi-3-768x1024.jpg?strip=info&#038;w=600&#038;ssl=1 600w,https:\/\/i0.wp.com\/tiemmihaomi.vn\/wp-content\/uploads\/2023\/09\/ket-qua-kiem-nghiem-sot-haomi-3-768x1024.jpg?strip=info&#038;w=900&#038;ssl=1 900w,https:\/\/i0.wp.com\/tiemmihaomi.vn\/wp-content\/uploads\/2023\/09\/ket-qua-kiem-nghiem-sot-haomi-3-768x1024.jpg?strip=info&#038;w=960&#038;ssl=1 960w\" alt=\"\" data-height=\"1280\" data-id=\"992\" data-link=\"https:\/\/tiemmihaomi.vn\/giay-phep-chung-nhan\/ket-qua-kiem-nghiem-sot-haomi-3\/\" data-url=\"https:\/\/tiemmihaomi.vn\/wp-content\/uploads\/2023\/09\/ket-qua-kiem-nghiem-sot-haomi-3-768x1024.jpg\" data-width=\"960\" src=\"https:\/\/i0.wp.com\/tiemmihaomi.vn\/wp-content\/uploads\/2023\/09\/ket-qua-kiem-nghiem-sot-haomi-3-768x1024.jpg?ssl=1\" data-amp-layout=\"responsive\"\/><\/figure><\/div><\/div><\/div><\/div>","protected":false},"excerpt":{"rendered":"<p>C\u00e1c s\u1ea3n ph\u1ea9m v\u00e0 m\u00f3n \u0103n c\u1ee7a ch\u00fang t\u00f4i \u0111\u1ea1t ti\u00eau chu\u1ea9n v\u1ec7 sinh an to\u00e0n th\u1ef1c ph\u1ea9m do UBND th\u00e0nh ph\u1ed1 \u0110\u00e0 N\u1eb5ng c\u1ea5p. Qu\u00fd kh\u00e1ch ho\u00e0n to\u00e0n c\u00f3 th\u1ec3 y\u00ean t\u00e2m v\u1ec1 ch\u1ea5t l\u01b0\u1ee3ng khi s\u1eed d\u1ee5ng. Gi\u1ea5y ch\u1ee9ng nh\u1eadn v\u1ec7 sinh an to\u00e0n th\u1ef1c th\u1ea9m K\u1ebft qu\u1ea3 ki\u1ec3m nghi\u1ec7m \u0111\u1ea1t chu\u1ea9n ch\u1ea5t [&hellip;]<\/p>\n","protected":false},"author":1,"featured_media":0,"parent":0,"menu_order":0,"comment_status":"closed","ping_status":"closed","template":"","meta":{"_acf_changed":false,"nf_dc_page":"","footnotes":""},"class_list":["post-496","page","type-page","status-publish","hentry"],"acf":[],"yoast_head":"<!-- This site is optimized with the Yoast SEO plugin v27.5 - https:\/\/yoast.com\/product\/yoast-seo-wordpress\/ -->\n<title>Gi\u1ea5y ph\u00e9p &amp; Ch\u1ee9ng nh\u1eadn - HAOMI<\/title>\n<meta name=\"robots\" content=\"index, follow, max-snippet:-1, max-image-preview:large, max-video-preview:-1\" \/>\n<link rel=\"canonical\" href=\"https:\/\/tiemmihaomi.vn\/en\/giay-phep-chung-nhan\/\" \/>\n<meta property=\"og:locale\" content=\"en_US\" \/>\n<meta property=\"og:type\" content=\"article\" \/>\n<meta property=\"og:title\" content=\"Gi\u1ea5y ph\u00e9p &amp; Ch\u1ee9ng nh\u1eadn - HAOMI\" \/>\n<meta property=\"og:description\" content=\"C\u00e1c s\u1ea3n ph\u1ea9m v\u00e0 m\u00f3n \u0103n c\u1ee7a ch\u00fang t\u00f4i \u0111\u1ea1t ti\u00eau chu\u1ea9n v\u1ec7 sinh an to\u00e0n th\u1ef1c ph\u1ea9m do UBND th\u00e0nh ph\u1ed1 \u0110\u00e0 N\u1eb5ng c\u1ea5p. Qu\u00fd kh\u00e1ch ho\u00e0n to\u00e0n c\u00f3 th\u1ec3 y\u00ean t\u00e2m v\u1ec1 ch\u1ea5t l\u01b0\u1ee3ng khi s\u1eed d\u1ee5ng. Gi\u1ea5y ch\u1ee9ng nh\u1eadn v\u1ec7 sinh an to\u00e0n th\u1ef1c th\u1ea9m K\u1ebft qu\u1ea3 ki\u1ec3m nghi\u1ec7m \u0111\u1ea1t chu\u1ea9n ch\u1ea5t [&hellip;]\" \/>\n<meta property=\"og:url\" content=\"https:\/\/tiemmihaomi.vn\/en\/giay-phep-chung-nhan\/\" \/>\n<meta property=\"og:site_name\" content=\"HAOMI\" \/>\n<meta property=\"article:modified_time\" content=\"2023-09-08T08:24:03+00:00\" \/>\n<meta property=\"og:image\" content=\"https:\/\/tiemmihaomi.vn\/wp-content\/uploads\/2023\/03\/Giay_VS_ATTP-732x1024.jpg\" \/>\n<meta name=\"twitter:card\" content=\"summary_large_image\" \/>\n<meta name=\"twitter:label1\" content=\"Est. reading time\" \/>\n\t<meta name=\"twitter:data1\" content=\"2 minutes\" \/>\n<script type=\"application\/ld+json\" class=\"yoast-schema-graph\">{\"@context\":\"https:\\\/\\\/schema.org\",\"@graph\":[{\"@type\":\"WebPage\",\"@id\":\"https:\\\/\\\/tiemmihaomi.vn\\\/giay-phep-chung-nhan\\\/\",\"url\":\"https:\\\/\\\/tiemmihaomi.vn\\\/giay-phep-chung-nhan\\\/\",\"name\":\"Gi\u1ea5y ph\u00e9p & Ch\u1ee9ng nh\u1eadn - HAOMI\",\"isPartOf\":{\"@id\":\"https:\\\/\\\/tiemmihaomi.vn\\\/#website\"},\"primaryImageOfPage\":{\"@id\":\"https:\\\/\\\/tiemmihaomi.vn\\\/giay-phep-chung-nhan\\\/#primaryimage\"},\"image\":{\"@id\":\"https:\\\/\\\/tiemmihaomi.vn\\\/giay-phep-chung-nhan\\\/#primaryimage\"},\"thumbnailUrl\":\"https:\\\/\\\/tiemmihaomi.vn\\\/wp-content\\\/uploads\\\/2023\\\/03\\\/Giay_VS_ATTP-732x1024.jpg\",\"datePublished\":\"2023-03-27T06:49:54+00:00\",\"dateModified\":\"2023-09-08T08:24:03+00:00\",\"breadcrumb\":{\"@id\":\"https:\\\/\\\/tiemmihaomi.vn\\\/giay-phep-chung-nhan\\\/#breadcrumb\"},\"inLanguage\":\"en-US\",\"potentialAction\":[{\"@type\":\"ReadAction\",\"target\":[\"https:\\\/\\\/tiemmihaomi.vn\\\/giay-phep-chung-nhan\\\/\"]}]},{\"@type\":\"ImageObject\",\"inLanguage\":\"en-US\",\"@id\":\"https:\\\/\\\/tiemmihaomi.vn\\\/giay-phep-chung-nhan\\\/#primaryimage\",\"url\":\"https:\\\/\\\/tiemmihaomi.vn\\\/wp-content\\\/uploads\\\/2023\\\/03\\\/Giay_VS_ATTP-732x1024.jpg\",\"contentUrl\":\"https:\\\/\\\/tiemmihaomi.vn\\\/wp-content\\\/uploads\\\/2023\\\/03\\\/Giay_VS_ATTP-732x1024.jpg\"},{\"@type\":\"BreadcrumbList\",\"@id\":\"https:\\\/\\\/tiemmihaomi.vn\\\/giay-phep-chung-nhan\\\/#breadcrumb\",\"itemListElement\":[{\"@type\":\"ListItem\",\"position\":1,\"name\":\"Home\",\"item\":\"https:\\\/\\\/tiemmihaomi.vn\\\/\"},{\"@type\":\"ListItem\",\"position\":2,\"name\":\"Gi\u1ea5y ph\u00e9p &#038; Ch\u1ee9ng nh\u1eadn\"}]},{\"@type\":\"WebSite\",\"@id\":\"https:\\\/\\\/tiemmihaomi.vn\\\/#website\",\"url\":\"https:\\\/\\\/tiemmihaomi.vn\\\/\",\"name\":\"HAOMI\",\"description\":\"Ti\u1ec7m m\u00ec tr\u1ed9n\",\"publisher\":{\"@id\":\"https:\\\/\\\/tiemmihaomi.vn\\\/#organization\"},\"potentialAction\":[{\"@type\":\"SearchAction\",\"target\":{\"@type\":\"EntryPoint\",\"urlTemplate\":\"https:\\\/\\\/tiemmihaomi.vn\\\/?s={search_term_string}\"},\"query-input\":{\"@type\":\"PropertyValueSpecification\",\"valueRequired\":true,\"valueName\":\"search_term_string\"}}],\"inLanguage\":\"en-US\"},{\"@type\":\"Organization\",\"@id\":\"https:\\\/\\\/tiemmihaomi.vn\\\/#organization\",\"name\":\"HAOMI\",\"url\":\"https:\\\/\\\/tiemmihaomi.vn\\\/\",\"logo\":{\"@type\":\"ImageObject\",\"inLanguage\":\"en-US\",\"@id\":\"https:\\\/\\\/tiemmihaomi.vn\\\/#\\\/schema\\\/logo\\\/image\\\/\",\"url\":\"https:\\\/\\\/i0.wp.com\\\/tiemmihaomi.vn\\\/wp-content\\\/uploads\\\/2023\\\/03\\\/haomi-logo-resized.png?fit=240%2C378&ssl=1\",\"contentUrl\":\"https:\\\/\\\/i0.wp.com\\\/tiemmihaomi.vn\\\/wp-content\\\/uploads\\\/2023\\\/03\\\/haomi-logo-resized.png?fit=240%2C378&ssl=1\",\"width\":240,\"height\":378,\"caption\":\"HAOMI\"},\"image\":{\"@id\":\"https:\\\/\\\/tiemmihaomi.vn\\\/#\\\/schema\\\/logo\\\/image\\\/\"}}]}<\/script>\n<!-- \/ Yoast SEO plugin. -->","yoast_head_json":{"title":"Gi\u1ea5y ph\u00e9p & Ch\u1ee9ng nh\u1eadn - HAOMI","robots":{"index":"index","follow":"follow","max-snippet":"max-snippet:-1","max-image-preview":"max-image-preview:large","max-video-preview":"max-video-preview:-1"},"canonical":"https:\/\/tiemmihaomi.vn\/en\/giay-phep-chung-nhan\/","og_locale":"en_US","og_type":"article","og_title":"Gi\u1ea5y ph\u00e9p & Ch\u1ee9ng nh\u1eadn - HAOMI","og_description":"C\u00e1c s\u1ea3n ph\u1ea9m v\u00e0 m\u00f3n \u0103n c\u1ee7a ch\u00fang t\u00f4i \u0111\u1ea1t ti\u00eau chu\u1ea9n v\u1ec7 sinh an to\u00e0n th\u1ef1c ph\u1ea9m do UBND th\u00e0nh ph\u1ed1 \u0110\u00e0 N\u1eb5ng c\u1ea5p. Qu\u00fd kh\u00e1ch ho\u00e0n to\u00e0n c\u00f3 th\u1ec3 y\u00ean t\u00e2m v\u1ec1 ch\u1ea5t l\u01b0\u1ee3ng khi s\u1eed d\u1ee5ng. Gi\u1ea5y ch\u1ee9ng nh\u1eadn v\u1ec7 sinh an to\u00e0n th\u1ef1c th\u1ea9m K\u1ebft qu\u1ea3 ki\u1ec3m nghi\u1ec7m \u0111\u1ea1t chu\u1ea9n ch\u1ea5t [&hellip;]","og_url":"https:\/\/tiemmihaomi.vn\/en\/giay-phep-chung-nhan\/","og_site_name":"HAOMI","article_modified_time":"2023-09-08T08:24:03+00:00","og_image":[{"url":"https:\/\/tiemmihaomi.vn\/wp-content\/uploads\/2023\/03\/Giay_VS_ATTP-732x1024.jpg","type":"","width":"","height":""}],"twitter_card":"summary_large_image","twitter_misc":{"Est. reading time":"2 minutes"},"schema":{"@context":"https:\/\/schema.org","@graph":[{"@type":"WebPage","@id":"https:\/\/tiemmihaomi.vn\/giay-phep-chung-nhan\/","url":"https:\/\/tiemmihaomi.vn\/giay-phep-chung-nhan\/","name":"Gi\u1ea5y ph\u00e9p & Ch\u1ee9ng nh\u1eadn - HAOMI","isPartOf":{"@id":"https:\/\/tiemmihaomi.vn\/#website"},"primaryImageOfPage":{"@id":"https:\/\/tiemmihaomi.vn\/giay-phep-chung-nhan\/#primaryimage"},"image":{"@id":"https:\/\/tiemmihaomi.vn\/giay-phep-chung-nhan\/#primaryimage"},"thumbnailUrl":"https:\/\/tiemmihaomi.vn\/wp-content\/uploads\/2023\/03\/Giay_VS_ATTP-732x1024.jpg","datePublished":"2023-03-27T06:49:54+00:00","dateModified":"2023-09-08T08:24:03+00:00","breadcrumb":{"@id":"https:\/\/tiemmihaomi.vn\/giay-phep-chung-nhan\/#breadcrumb"},"inLanguage":"en-US","potentialAction":[{"@type":"ReadAction","target":["https:\/\/tiemmihaomi.vn\/giay-phep-chung-nhan\/"]}]},{"@type":"ImageObject","inLanguage":"en-US","@id":"https:\/\/tiemmihaomi.vn\/giay-phep-chung-nhan\/#primaryimage","url":"https:\/\/tiemmihaomi.vn\/wp-content\/uploads\/2023\/03\/Giay_VS_ATTP-732x1024.jpg","contentUrl":"https:\/\/tiemmihaomi.vn\/wp-content\/uploads\/2023\/03\/Giay_VS_ATTP-732x1024.jpg"},{"@type":"BreadcrumbList","@id":"https:\/\/tiemmihaomi.vn\/giay-phep-chung-nhan\/#breadcrumb","itemListElement":[{"@type":"ListItem","position":1,"name":"Home","item":"https:\/\/tiemmihaomi.vn\/"},{"@type":"ListItem","position":2,"name":"Gi\u1ea5y ph\u00e9p &#038; Ch\u1ee9ng nh\u1eadn"}]},{"@type":"WebSite","@id":"https:\/\/tiemmihaomi.vn\/#website","url":"https:\/\/tiemmihaomi.vn\/","name":"HAOMI","description":"Ti\u1ec7m m\u00ec tr\u1ed9n","publisher":{"@id":"https:\/\/tiemmihaomi.vn\/#organization"},"potentialAction":[{"@type":"SearchAction","target":{"@type":"EntryPoint","urlTemplate":"https:\/\/tiemmihaomi.vn\/?s={search_term_string}"},"query-input":{"@type":"PropertyValueSpecification","valueRequired":true,"valueName":"search_term_string"}}],"inLanguage":"en-US"},{"@type":"Organization","@id":"https:\/\/tiemmihaomi.vn\/#organization","name":"HAOMI","url":"https:\/\/tiemmihaomi.vn\/","logo":{"@type":"ImageObject","inLanguage":"en-US","@id":"https:\/\/tiemmihaomi.vn\/#\/schema\/logo\/image\/","url":"https:\/\/i0.wp.com\/tiemmihaomi.vn\/wp-content\/uploads\/2023\/03\/haomi-logo-resized.png?fit=240%2C378&ssl=1","contentUrl":"https:\/\/i0.wp.com\/tiemmihaomi.vn\/wp-content\/uploads\/2023\/03\/haomi-logo-resized.png?fit=240%2C378&ssl=1","width":240,"height":378,"caption":"HAOMI"},"image":{"@id":"https:\/\/tiemmihaomi.vn\/#\/schema\/logo\/image\/"}}]}},"jetpack_sharing_enabled":true,"_links":{"self":[{"href":"https:\/\/tiemmihaomi.vn\/en\/wp-json\/wp\/v2\/pages\/496","targetHints":{"allow":["GET"]}}],"collection":[{"href":"https:\/\/tiemmihaomi.vn\/en\/wp-json\/wp\/v2\/pages"}],"about":[{"href":"https:\/\/tiemmihaomi.vn\/en\/wp-json\/wp\/v2\/types\/page"}],"author":[{"embeddable":true,"href":"https:\/\/tiemmihaomi.vn\/en\/wp-json\/wp\/v2\/users\/1"}],"replies":[{"embeddable":true,"href":"https:\/\/tiemmihaomi.vn\/en\/wp-json\/wp\/v2\/comments?post=496"}],"version-history":[{"count":5,"href":"https:\/\/tiemmihaomi.vn\/en\/wp-json\/wp\/v2\/pages\/496\/revisions"}],"predecessor-version":[{"id":996,"href":"https:\/\/tiemmihaomi.vn\/en\/wp-json\/wp\/v2\/pages\/496\/revisions\/996"}],"wp:attachment":[{"href":"https:\/\/tiemmihaomi.vn\/en\/wp-json\/wp\/v2\/media?parent=496"}],"curies":[{"name":"wp","href":"https:\/\/api.w.org\/{rel}","templated":true}]}}