{"id":1091,"date":"2024-05-19T05:19:06","date_gmt":"2024-05-18T22:19:06","guid":{"rendered":"https:\/\/tiemmihaomi.vn\/?page_id=1091"},"modified":"2025-12-07T04:49:47","modified_gmt":"2025-12-06T21:49:47","slug":"cac-co-so-haomi","status":"publish","type":"page","link":"https:\/\/tiemmihaomi.vn\/en\/cac-co-so-haomi\/","title":{"rendered":"List of Haomi Restaurants"},"content":{"rendered":"<div class=\"wp-block-columns is-layout-flex wp-container-core-columns-is-layout-9d6595d7 wp-block-columns-is-layout-flex\">\n<div class=\"wp-block-column is-layout-flow wp-block-column-is-layout-flow\">\n<h4 class=\"wp-block-heading\"><strong>C\u01a1 s\u1edf 224 Ch\u00e2u Th\u1ecb V\u0129nh T\u1ebf<\/strong><\/h4>\n\n\n\n<p class=\"\">205 Ch\u00e2u Th\u1ecb V\u0129nh T\u1ebf, \u0110\u00e0 N\u1eb5ng<br>0778 677 771<br>Order via <a href=\"https:\/\/r.grab.com\/g\/6-20240630_095003_A04FB8C884FD43608828B2677758B1DA_MEXMPS-5-C36HCXMTHAMFC6\" target=\"_blank\" rel=\"noreferrer noopener\">Grab<\/a><br>Order via <a href=\"https:\/\/shopeefood.vn\/da-nang\/tiem-mi-tron-haomi-126-17-nguyen-duy-hieu\" target=\"_blank\" rel=\"noreferrer noopener\">Shopee<\/a><br>Order via <a href=\"https:\/\/m.me\/mitronhaomi\" target=\"_blank\" rel=\"noreferrer noopener\">Ahafood AI chatbox<\/a><br><br>Qu\u00e1n m\u1edf c\u1eeda t\u1eeb 8h t\u1edbi 22h30 h\u1eb1ng ng\u00e0y, ph\u1ee5c v\u1ee5 t\u1ea1i b\u00e0n v\u00e0 mang \u0111i.<\/p>\n\n\n\n<figure class=\"wp-block-image size-full\"><a href=\"https:\/\/www.facebook.com\/mitronhaomi\/\" target=\"_blank\" rel=\"noreferrer noopener\"><img data-recalc-dims=\"1\" loading=\"lazy\" decoding=\"async\" width=\"50\" height=\"50\" src=\"https:\/\/i0.wp.com\/tiemmihaomi.vn\/wp-content\/uploads\/2023\/03\/fb-icon-50.png?resize=50%2C50&#038;ssl=1\" alt=\"\" class=\"wp-image-566\"\/><\/a><\/figure>\n\n\n\n<p class=\"\"><\/p>\n\n\n\n<p class=\"\"><\/p>\n<\/div>\n\n\n\n<div class=\"wp-block-column is-layout-flow wp-block-column-is-layout-flow\">\n<iframe src=\"https:\/\/www.google.com\/maps\/embed?pb=!1m18!1m12!1m3!1d3834.365351003376!2d108.23896507594372!3d16.046519940043773!2m3!1f0!2f0!3f0!3m2!1i1024!2i768!4f13.1!3m3!1m2!1s0x314217ac74b88b67%3A0x3b5a6ef14cf3aa5!2zSGFvbWkgLSBUaeG7h20gTcOsIFRy4buZbg!5e0!3m2!1sen!2snz!4v1765057736954!5m2!1sen!2snz\" width=\"600\" height=\"450\" style=\"border:0;\" allowfullscreen=\"\" loading=\"lazy\" referrerpolicy=\"no-referrer-when-downgrade\"><\/iframe>\n<\/div>\n<\/div>\n\n\n\n<hr class=\"wp-block-separator has-alpha-channel-opacity\"\/>\n\n\n\n<div class=\"wp-block-columns is-layout-flex wp-container-core-columns-is-layout-9d6595d7 wp-block-columns-is-layout-flex\">\n<div class=\"wp-block-column is-layout-flow wp-block-column-is-layout-flow\">\n<h4 class=\"wp-block-heading\"><strong>C\u01a1 s\u1edf 249\/3 H\u00e0 Huy T\u1eadp (Thanh Kh\u00ea)<\/strong><\/h4>\n\n\n\n<p class=\"\">249\/3 H\u00e0 Huy T\u1eadp, Thanh Kh\u00ea, \u0110\u00e0 N\u1eb5ng<br>0905 737 227<br>Order via <a href=\"https:\/\/r.grab.com\/g\/6-20240630_072657_A04FB8C884FD43608828B2677758B1DA_MEXMPS-5-C6KYCRMYGCAXCX\" target=\"_blank\" rel=\"noreferrer noopener\">Grab<\/a><br>Order via <a href=\"https:\/\/shopeefood.vn\/da-nang\/mi-tron-haomi-co-so-3-ha-huy-tap\" target=\"_blank\" rel=\"noreferrer noopener\">Shopee<\/a><br><br>Open from 8:00 am to 8:00 pm every day, take away only (no serving at the table)<\/p>\n\n\n\n<figure class=\"wp-block-image size-full\"><a href=\"https:\/\/www.facebook.com\/profile.php?id=100057066192384\" target=\"_blank\" rel=\"noreferrer noopener\"><img data-recalc-dims=\"1\" loading=\"lazy\" decoding=\"async\" width=\"50\" height=\"50\" src=\"https:\/\/i0.wp.com\/tiemmihaomi.vn\/wp-content\/uploads\/2023\/03\/fb-icon-50.png?resize=50%2C50&#038;ssl=1\" alt=\"\" class=\"wp-image-566\"\/><\/a><\/figure>\n\n\n\n<p class=\"\"><\/p>\n\n\n\n<p class=\"\"><\/p>\n<\/div>\n\n\n\n<div class=\"wp-block-column is-layout-flow wp-block-column-is-layout-flow\">\n<iframe src=\"https:\/\/www.google.com\/maps\/embed?pb=!1m14!1m8!1m3!1d958.5253060010002!2d108.1886109!3d16.0602362!3m2!1i1024!2i768!4f13.1!3m3!1m2!1s0x3142195a6b735455%3A0x6b81e4817e08b4d0!2zSGFvbWkgLSBUaeG7h20gTcOsIFRy4buZbiAtIDI0OS8zIEjDoCBIdXkgVOG6rXAgKFRoYW5oIEtow6op!5e0!3m2!1sen!2snz!4v1719724946927!5m2!1sen!2snz\" width=\"600\" height=\"450\" style=\"border:0;\" allowfullscreen=\"\" loading=\"lazy\" referrerpolicy=\"no-referrer-when-downgrade\"><\/iframe>\n<\/div>\n<\/div>\n\n\n\n<hr class=\"wp-block-separator has-alpha-channel-opacity\"\/>\n\n\n\n<div class=\"wp-block-columns is-layout-flex wp-container-core-columns-is-layout-9d6595d7 wp-block-columns-is-layout-flex\">\n<div class=\"wp-block-column is-layout-flow wp-block-column-is-layout-flow\">\n<h4 class=\"wp-block-heading\"><strong>C\u01a1 s\u1edf 36-38 B\u00f9i X\u01b0\u01a1ng T\u1ef1 (C\u1ea9m L\u1ec7)<\/strong><\/h4>\n\n\n\n<p class=\"\">36-38 B\u00f9i X\u01b0\u01a1ng T\u1ef1, C\u1ea9m L\u1ec7, \u0110\u00e0 N\u1eb5ng<br>0913 819 479 &#8211; 0947 482 245<br>Order via <a href=\"https:\/\/r.grab.com\/g\/6-20240630_080755_A04FB8C884FD43608828B2677758B1DA_MEXMPS-5-C6MXWEKKNZKFPA\" target=\"_blank\" rel=\"noreferrer noopener\">Grab<\/a><br>Order via <a href=\"https:\/\/shopeefood.vn\/da-nang\/mi-tron-haomi-bui-xuong-tu\" target=\"_blank\" rel=\"noreferrer noopener\">Shopee<\/a><br><br>Open from 6:00 am to 9:00 pm every day, serving at the table and take away.<\/p>\n\n\n\n<figure class=\"wp-block-image size-full\"><a href=\"https:\/\/www.facebook.com\/profile.php?id=61561996400306\" target=\"_blank\" rel=\"noreferrer noopener\"><img data-recalc-dims=\"1\" loading=\"lazy\" decoding=\"async\" width=\"50\" height=\"50\" src=\"https:\/\/i0.wp.com\/tiemmihaomi.vn\/wp-content\/uploads\/2023\/03\/fb-icon-50.png?resize=50%2C50&#038;ssl=1\" alt=\"\" class=\"wp-image-566\"\/><\/a><\/figure>\n\n\n\n<p class=\"\"><\/p>\n<\/div>\n\n\n\n<div class=\"wp-block-column is-layout-flow wp-block-column-is-layout-flow\">\n<iframe src=\"https:\/\/www.google.com\/maps\/embed?pb=!1m14!1m8!1m3!1d15340.285266133493!2d108.1965527!3d16.0098026!3m2!1i1024!2i768!4f13.1!3m3!1m2!1s0x31421b70fcd1140b%3A0x42b3b4477072a8a9!2zSGFvbWkgLSBUaeG7h20gTcOsIFRy4buZbiAtIDM4IELDuWkgWMawxqFuZyBU4bux!5e0!3m2!1sen!2snz!4v1719722865350!5m2!1sen!2snz\" width=\"600\" height=\"450\" style=\"border:0;\" allowfullscreen=\"\" loading=\"lazy\" referrerpolicy=\"no-referrer-when-downgrade\"><\/iframe>\n<\/div>\n<\/div>\n\n\n\n<hr class=\"wp-block-separator has-alpha-channel-opacity\"\/>\n\n\n\n<div class=\"wp-block-columns is-layout-flex wp-container-core-columns-is-layout-9d6595d7 wp-block-columns-is-layout-flex\">\n<div class=\"wp-block-column is-layout-flow wp-block-column-is-layout-flow\">\n<h4 class=\"wp-block-heading\"><strong>C\u01a1 s\u1edf 183 Phan Thanh (Thanh Kh\u00ea)<\/strong><\/h4>\n\n\n\n<p class=\"\">183 Phan Thanh, Thanh Kh\u00ea, \u0110\u00e0 N\u1eb5ng<br>0778 677 771<br>Order via <a href=\"https:\/\/r.grab.com\/g\/6-20240818_164418_07507c157909c93d_MEXMPS-5-C6C3T3C1A7WESE\" target=\"_blank\" rel=\"noreferrer noopener\">Grab<\/a><br>Order via <a href=\"https:\/\/shopeefood.vn\/da-nang\/tiem-mi-tron-haomi-33-pham-van-nghi\" target=\"_blank\" rel=\"noreferrer noopener\">Shopee<\/a><br>Order via <a href=\"https:\/\/m.me\/61562863816562\" target=\"_blank\" rel=\"noreferrer noopener\">Ahafood AI chatbox<\/a><br><br>Open from 11:00 am to 10:00 pm every day, take away only (no serving at the table)<\/p>\n\n\n\n<figure class=\"wp-block-image size-full is-resized\"><a href=\"https:\/\/www.facebook.com\/profile.php?id=61562863816562\" target=\"_blank\" rel=\"noreferrer noopener\"><img data-recalc-dims=\"1\" loading=\"lazy\" decoding=\"async\" width=\"50\" height=\"50\" src=\"https:\/\/i0.wp.com\/tiemmihaomi.vn\/wp-content\/uploads\/2023\/03\/fb-icon-50.png?resize=50%2C50&#038;ssl=1\" alt=\"\" class=\"wp-image-566\" style=\"width:50px;height:auto\"\/><\/a><\/figure>\n\n\n\n<p class=\"\"><\/p>\n<\/div>\n\n\n\n<div class=\"wp-block-column is-layout-flow wp-block-column-is-layout-flow\">\n<iframe src=\"https:\/\/www.google.com\/maps\/embed?pb=!1m18!1m12!1m3!1d3835.9683643982794!2d108.20712177513566!3d16.058289184619653!2m3!1f0!2f0!3f0!3m2!1i1024!2i768!4f13.1!3m3!1m2!1s0x3142198e2713abc7%3A0x615cdd3a9c42af7c!2zSGFvbWkgLSBUaeG7h20gTcOsIFRy4buZbiAtIDMzIFBo4bqhbSBWxINuIE5naOG7iw!5e0!3m2!1sen!2snz!4v1723955536522!5m2!1sen!2snz\" width=\"600\" height=\"450\" style=\"border:0;\" allowfullscreen=\"\" loading=\"lazy\" referrerpolicy=\"no-referrer-when-downgrade\"><\/iframe>\n<\/div>\n<\/div>\n\n\n\n<hr class=\"wp-block-separator has-alpha-channel-opacity\"\/>\n\n\n\n<div class=\"wp-block-columns is-layout-flex wp-container-core-columns-is-layout-9d6595d7 wp-block-columns-is-layout-flex\">\n<div class=\"wp-block-column is-layout-flow wp-block-column-is-layout-flow\"><\/div>\n\n\n\n<div class=\"wp-block-column is-layout-flow wp-block-column-is-layout-flow\"><\/div>\n<\/div>","protected":false},"excerpt":{"rendered":"<p>C\u01a1 s\u1edf 224 Ch\u00e2u Th\u1ecb V\u0129nh T\u1ebf 205 Ch\u00e2u Th\u1ecb V\u0129nh T\u1ebf, \u0110\u00e0 N\u1eb5ng0778 677 771\u0110\u1eb7t m\u00f3n qua Grab\u0110\u1eb7t m\u00f3n qua Shopee\u0110\u1eb7t m\u00f3n qua Ahafood AI chatbox Qu\u00e1n m\u1edf c\u1eeda t\u1eeb 8h t\u1edbi 22h30 h\u1eb1ng ng\u00e0y, ph\u1ee5c v\u1ee5 t\u1ea1i b\u00e0n v\u00e0 mang \u0111i. C\u01a1 s\u1edf 249\/3 H\u00e0 Huy T\u1eadp (Thanh Kh\u00ea) 249\/3 H\u00e0 Huy T\u1eadp, [&hellip;]<\/p>\n","protected":false},"author":1,"featured_media":0,"parent":0,"menu_order":0,"comment_status":"closed","ping_status":"closed","template":"","meta":{"_acf_changed":false,"nf_dc_page":"","footnotes":""},"class_list":["post-1091","page","type-page","status-publish","hentry"],"acf":[],"yoast_head":"<!-- This site is optimized with the Yoast SEO plugin v27.5 - https:\/\/yoast.com\/product\/yoast-seo-wordpress\/ -->\n<title>C\u00e1c c\u01a1 s\u1edf Haomi - HAOMI<\/title>\n<meta name=\"description\" content=\"Danh s\u00e1ch c\u00e1c ti\u1ec7m m\u00ec tr\u1ed9n Haomi tr\u00ean to\u00e0n qu\u1ed1c\" \/>\n<meta name=\"robots\" content=\"index, follow, max-snippet:-1, max-image-preview:large, max-video-preview:-1\" \/>\n<link rel=\"canonical\" href=\"https:\/\/tiemmihaomi.vn\/en\/cac-co-so-haomi\/\" \/>\n<meta property=\"og:locale\" content=\"en_US\" \/>\n<meta property=\"og:type\" content=\"article\" \/>\n<meta property=\"og:title\" content=\"C\u00e1c c\u01a1 s\u1edf Haomi - HAOMI\" \/>\n<meta property=\"og:description\" content=\"Danh s\u00e1ch c\u00e1c ti\u1ec7m m\u00ec tr\u1ed9n Haomi tr\u00ean to\u00e0n qu\u1ed1c\" \/>\n<meta property=\"og:url\" content=\"https:\/\/tiemmihaomi.vn\/en\/cac-co-so-haomi\/\" \/>\n<meta property=\"og:site_name\" content=\"HAOMI\" \/>\n<meta property=\"article:modified_time\" content=\"2025-12-06T21:49:47+00:00\" \/>\n<meta property=\"og:image\" content=\"https:\/\/tiemmihaomi.vn\/wp-content\/uploads\/2023\/03\/fb-icon-50.png\" \/>\n<meta name=\"twitter:card\" content=\"summary_large_image\" \/>\n<meta name=\"twitter:label1\" content=\"Est. reading time\" \/>\n\t<meta name=\"twitter:data1\" content=\"2 minutes\" \/>\n<script type=\"application\/ld+json\" class=\"yoast-schema-graph\">{\"@context\":\"https:\\\/\\\/schema.org\",\"@graph\":[{\"@type\":\"WebPage\",\"@id\":\"https:\\\/\\\/tiemmihaomi.vn\\\/cac-co-so-haomi\\\/\",\"url\":\"https:\\\/\\\/tiemmihaomi.vn\\\/cac-co-so-haomi\\\/\",\"name\":\"C\u00e1c c\u01a1 s\u1edf Haomi - HAOMI\",\"isPartOf\":{\"@id\":\"https:\\\/\\\/tiemmihaomi.vn\\\/#website\"},\"primaryImageOfPage\":{\"@id\":\"https:\\\/\\\/tiemmihaomi.vn\\\/cac-co-so-haomi\\\/#primaryimage\"},\"image\":{\"@id\":\"https:\\\/\\\/tiemmihaomi.vn\\\/cac-co-so-haomi\\\/#primaryimage\"},\"thumbnailUrl\":\"https:\\\/\\\/tiemmihaomi.vn\\\/wp-content\\\/uploads\\\/2023\\\/03\\\/fb-icon-50.png\",\"datePublished\":\"2024-05-18T22:19:06+00:00\",\"dateModified\":\"2025-12-06T21:49:47+00:00\",\"description\":\"Danh s\u00e1ch c\u00e1c ti\u1ec7m m\u00ec tr\u1ed9n Haomi tr\u00ean to\u00e0n qu\u1ed1c\",\"breadcrumb\":{\"@id\":\"https:\\\/\\\/tiemmihaomi.vn\\\/cac-co-so-haomi\\\/#breadcrumb\"},\"inLanguage\":\"en-US\",\"potentialAction\":[{\"@type\":\"ReadAction\",\"target\":[\"https:\\\/\\\/tiemmihaomi.vn\\\/cac-co-so-haomi\\\/\"]}]},{\"@type\":\"ImageObject\",\"inLanguage\":\"en-US\",\"@id\":\"https:\\\/\\\/tiemmihaomi.vn\\\/cac-co-so-haomi\\\/#primaryimage\",\"url\":\"https:\\\/\\\/tiemmihaomi.vn\\\/wp-content\\\/uploads\\\/2023\\\/03\\\/fb-icon-50.png\",\"contentUrl\":\"https:\\\/\\\/tiemmihaomi.vn\\\/wp-content\\\/uploads\\\/2023\\\/03\\\/fb-icon-50.png\"},{\"@type\":\"BreadcrumbList\",\"@id\":\"https:\\\/\\\/tiemmihaomi.vn\\\/cac-co-so-haomi\\\/#breadcrumb\",\"itemListElement\":[{\"@type\":\"ListItem\",\"position\":1,\"name\":\"Home\",\"item\":\"https:\\\/\\\/tiemmihaomi.vn\\\/\"},{\"@type\":\"ListItem\",\"position\":2,\"name\":\"C\u00e1c c\u01a1 s\u1edf Haomi\"}]},{\"@type\":\"WebSite\",\"@id\":\"https:\\\/\\\/tiemmihaomi.vn\\\/#website\",\"url\":\"https:\\\/\\\/tiemmihaomi.vn\\\/\",\"name\":\"HAOMI\",\"description\":\"Ti\u1ec7m m\u00ec tr\u1ed9n\",\"publisher\":{\"@id\":\"https:\\\/\\\/tiemmihaomi.vn\\\/#organization\"},\"potentialAction\":[{\"@type\":\"SearchAction\",\"target\":{\"@type\":\"EntryPoint\",\"urlTemplate\":\"https:\\\/\\\/tiemmihaomi.vn\\\/?s={search_term_string}\"},\"query-input\":{\"@type\":\"PropertyValueSpecification\",\"valueRequired\":true,\"valueName\":\"search_term_string\"}}],\"inLanguage\":\"en-US\"},{\"@type\":\"Organization\",\"@id\":\"https:\\\/\\\/tiemmihaomi.vn\\\/#organization\",\"name\":\"HAOMI\",\"url\":\"https:\\\/\\\/tiemmihaomi.vn\\\/\",\"logo\":{\"@type\":\"ImageObject\",\"inLanguage\":\"en-US\",\"@id\":\"https:\\\/\\\/tiemmihaomi.vn\\\/#\\\/schema\\\/logo\\\/image\\\/\",\"url\":\"https:\\\/\\\/i0.wp.com\\\/tiemmihaomi.vn\\\/wp-content\\\/uploads\\\/2023\\\/03\\\/haomi-logo-resized.png?fit=240%2C378&ssl=1\",\"contentUrl\":\"https:\\\/\\\/i0.wp.com\\\/tiemmihaomi.vn\\\/wp-content\\\/uploads\\\/2023\\\/03\\\/haomi-logo-resized.png?fit=240%2C378&ssl=1\",\"width\":240,\"height\":378,\"caption\":\"HAOMI\"},\"image\":{\"@id\":\"https:\\\/\\\/tiemmihaomi.vn\\\/#\\\/schema\\\/logo\\\/image\\\/\"}}]}<\/script>\n<!-- \/ Yoast SEO plugin. -->","yoast_head_json":{"title":"C\u00e1c c\u01a1 s\u1edf Haomi - HAOMI","description":"Danh s\u00e1ch c\u00e1c ti\u1ec7m m\u00ec tr\u1ed9n Haomi tr\u00ean to\u00e0n qu\u1ed1c","robots":{"index":"index","follow":"follow","max-snippet":"max-snippet:-1","max-image-preview":"max-image-preview:large","max-video-preview":"max-video-preview:-1"},"canonical":"https:\/\/tiemmihaomi.vn\/en\/cac-co-so-haomi\/","og_locale":"en_US","og_type":"article","og_title":"C\u00e1c c\u01a1 s\u1edf Haomi - HAOMI","og_description":"Danh s\u00e1ch c\u00e1c ti\u1ec7m m\u00ec tr\u1ed9n Haomi tr\u00ean to\u00e0n qu\u1ed1c","og_url":"https:\/\/tiemmihaomi.vn\/en\/cac-co-so-haomi\/","og_site_name":"HAOMI","article_modified_time":"2025-12-06T21:49:47+00:00","og_image":[{"url":"https:\/\/tiemmihaomi.vn\/wp-content\/uploads\/2023\/03\/fb-icon-50.png","type":"","width":"","height":""}],"twitter_card":"summary_large_image","twitter_misc":{"Est. reading time":"2 minutes"},"schema":{"@context":"https:\/\/schema.org","@graph":[{"@type":"WebPage","@id":"https:\/\/tiemmihaomi.vn\/cac-co-so-haomi\/","url":"https:\/\/tiemmihaomi.vn\/cac-co-so-haomi\/","name":"C\u00e1c c\u01a1 s\u1edf Haomi - HAOMI","isPartOf":{"@id":"https:\/\/tiemmihaomi.vn\/#website"},"primaryImageOfPage":{"@id":"https:\/\/tiemmihaomi.vn\/cac-co-so-haomi\/#primaryimage"},"image":{"@id":"https:\/\/tiemmihaomi.vn\/cac-co-so-haomi\/#primaryimage"},"thumbnailUrl":"https:\/\/tiemmihaomi.vn\/wp-content\/uploads\/2023\/03\/fb-icon-50.png","datePublished":"2024-05-18T22:19:06+00:00","dateModified":"2025-12-06T21:49:47+00:00","description":"Danh s\u00e1ch c\u00e1c ti\u1ec7m m\u00ec tr\u1ed9n Haomi tr\u00ean to\u00e0n qu\u1ed1c","breadcrumb":{"@id":"https:\/\/tiemmihaomi.vn\/cac-co-so-haomi\/#breadcrumb"},"inLanguage":"en-US","potentialAction":[{"@type":"ReadAction","target":["https:\/\/tiemmihaomi.vn\/cac-co-so-haomi\/"]}]},{"@type":"ImageObject","inLanguage":"en-US","@id":"https:\/\/tiemmihaomi.vn\/cac-co-so-haomi\/#primaryimage","url":"https:\/\/tiemmihaomi.vn\/wp-content\/uploads\/2023\/03\/fb-icon-50.png","contentUrl":"https:\/\/tiemmihaomi.vn\/wp-content\/uploads\/2023\/03\/fb-icon-50.png"},{"@type":"BreadcrumbList","@id":"https:\/\/tiemmihaomi.vn\/cac-co-so-haomi\/#breadcrumb","itemListElement":[{"@type":"ListItem","position":1,"name":"Home","item":"https:\/\/tiemmihaomi.vn\/"},{"@type":"ListItem","position":2,"name":"C\u00e1c c\u01a1 s\u1edf Haomi"}]},{"@type":"WebSite","@id":"https:\/\/tiemmihaomi.vn\/#website","url":"https:\/\/tiemmihaomi.vn\/","name":"HAOMI","description":"Ti\u1ec7m m\u00ec tr\u1ed9n","publisher":{"@id":"https:\/\/tiemmihaomi.vn\/#organization"},"potentialAction":[{"@type":"SearchAction","target":{"@type":"EntryPoint","urlTemplate":"https:\/\/tiemmihaomi.vn\/?s={search_term_string}"},"query-input":{"@type":"PropertyValueSpecification","valueRequired":true,"valueName":"search_term_string"}}],"inLanguage":"en-US"},{"@type":"Organization","@id":"https:\/\/tiemmihaomi.vn\/#organization","name":"HAOMI","url":"https:\/\/tiemmihaomi.vn\/","logo":{"@type":"ImageObject","inLanguage":"en-US","@id":"https:\/\/tiemmihaomi.vn\/#\/schema\/logo\/image\/","url":"https:\/\/i0.wp.com\/tiemmihaomi.vn\/wp-content\/uploads\/2023\/03\/haomi-logo-resized.png?fit=240%2C378&ssl=1","contentUrl":"https:\/\/i0.wp.com\/tiemmihaomi.vn\/wp-content\/uploads\/2023\/03\/haomi-logo-resized.png?fit=240%2C378&ssl=1","width":240,"height":378,"caption":"HAOMI"},"image":{"@id":"https:\/\/tiemmihaomi.vn\/#\/schema\/logo\/image\/"}}]}},"jetpack_sharing_enabled":true,"_links":{"self":[{"href":"https:\/\/tiemmihaomi.vn\/en\/wp-json\/wp\/v2\/pages\/1091","targetHints":{"allow":["GET"]}}],"collection":[{"href":"https:\/\/tiemmihaomi.vn\/en\/wp-json\/wp\/v2\/pages"}],"about":[{"href":"https:\/\/tiemmihaomi.vn\/en\/wp-json\/wp\/v2\/types\/page"}],"author":[{"embeddable":true,"href":"https:\/\/tiemmihaomi.vn\/en\/wp-json\/wp\/v2\/users\/1"}],"replies":[{"embeddable":true,"href":"https:\/\/tiemmihaomi.vn\/en\/wp-json\/wp\/v2\/comments?post=1091"}],"version-history":[{"count":20,"href":"https:\/\/tiemmihaomi.vn\/en\/wp-json\/wp\/v2\/pages\/1091\/revisions"}],"predecessor-version":[{"id":1252,"href":"https:\/\/tiemmihaomi.vn\/en\/wp-json\/wp\/v2\/pages\/1091\/revisions\/1252"}],"wp:attachment":[{"href":"https:\/\/tiemmihaomi.vn\/en\/wp-json\/wp\/v2\/media?parent=1091"}],"curies":[{"name":"wp","href":"https:\/\/api.w.org\/{rel}","templated":true}]}}